{"id":516,"date":"2023-07-13T10:59:54","date_gmt":"2023-07-13T09:59:54","guid":{"rendered":"https:\/\/www.niropro.si\/domov\/"},"modified":"2023-08-09T05:46:10","modified_gmt":"2023-08-09T04:46:10","slug":"domov","status":"publish","type":"page","link":"https:\/\/www.niropro.si\/de\/","title":{"rendered":"Domov"},"content":{"rendered":"<section class=\"wpb-content-wrapper\"><p>[vc_row full_width=&#8220;stretch_row_content_no_spaces&#8220;][vc_column]      \r\n      \r\n      \r\n      \r\n      <div class=\"ns-slider\">\r\n\r\n                     \r\n          <div class=\"ns-slide-background-img slide animated\"\r\n               style=\"background:url('https:\/\/www.niropro.si\/wp-content\/uploads\/2023\/07\/slika.jpg') no-repeat;   \r\n                      background-size:cover;\r\n                      background-position: center center;\">    \r\n            <div class=\"container\">\r\n            <div class=\"slide-img-container\"><img decoding=\"async\" src=\"\" \/><\/div>\r\n              <div class=\"row\">\r\n                <div class=\"col-lg-6\">\r\n                  <div class=\"ns-slider-text\">  \r\n                                          <h1 class=\"animated\">Schwei\u00dfen und Metallbearbeitung<\/h1>\r\n                          \r\n                      <h4 class=\"animated\"><\/h4>\r\n                                            <a href=\"https:\/\/www.niropro.si\/de\/schweissen\/\" class=\"btn btn-primary btn-lg animated btn1\">Weiterlesen<\/a>\r\n                                        <\/div> \r\n                <\/div>\r\n                <div class=\"col-lg-6\">\r\n                  \r\n                <\/div>\r\n              <\/div>\r\n\r\n              \r\n            <\/div>          \r\n          <\/div>\r\n        \r\n          \r\n      <\/div> <!--end .ns-slider-->\r\n     \r\n    <script>\r\n  \r\n  jQuery( document ).ready(function($) {\r\n\r\n    var winWidth = $(window).width();\r\n\r\n    var slides = $('.slide');\r\n    var slide_h1 = $('.ns-slider-text h1');\r\n    var slide_h2 = $('.ns-slider-text h2');\r\n    var slide_h4 = $('.ns-slider-text h4');\r\n    var slide_btn1 = $('.ns-slider-text .btn1');\r\n    var slide_btn2 = $('.ns-slider-text .btn2');\r\n\r\n    $('.ns-slider').slick({\r\n      infinite: true,\r\n      slidesToShow: 1,\r\n      slidesToScroll: 1,\r\n      dots:false,\r\n      arrows:true,\t\r\n      autoplay:false,\r\n      autoplaySpeed: 5000,\r\n      speed: 0,\r\n      \/\/prevArrow: $('.prev'),\r\n      \/\/nextArrow: $('.next'),\r\n      useTransform: false \/\/odstrani flicker iz zadnjega na prvi slide\r\n    }).on('beforeChange', function(event, slick, currentSlide, nextSlide) {\r\n\r\n      slides.removeClass('fadeInRightNS');\r\n      slides.eq(nextSlide).addClass('fadeInRightNS');\r\n      slide_h1.removeClass('fadeIn');\r\n      slide_h2.removeClass('fadeIn');\r\n      slide_h4.removeClass('fadeIn');\r\n      slide_btn1.removeClass('fadeIn');\r\n      slide_btn2.removeClass('fadeIn');\r\n\r\n    }).on('afterChange', function(){\r\n\r\n      slide_h1.addClass('fadeIn');\r\n      slide_h2.addClass('fadeIn');\r\n      slide_h4.addClass('fadeIn');\r\n      slide_btn1.addClass('fadeIn');\r\n      slide_btn2.addClass('fadeIn');\r\n\r\n    });\r\n\r\n\r\n      if(winWidth > 576){\r\n      \tif(!$(this).hasClass('filtered')) {\r\n        \t$('.ns-slider').slick('slickFilter',':not(.ns-slider-mobile-back)');\r\n          $(this).addClass('filtered')\r\n        }\r\n        else {\r\n        \t$('.ns-slider').slick('slickUnfilter');\r\n          $(this).removeClass('filtered')\r\n        }\r\n      } else {\r\n        if(!$(this).hasClass('filtered')) {\r\n        \t$('.ns-slider').slick('slickFilter',':not(.ns-slider-desktop-back)');\r\n          $(this).addClass('filtered')\r\n        }\r\n        else {\r\n        \t$('.ns-slider').slick('slickUnfilter');\r\n          $(this).removeClass('filtered')\r\n        }\r\n      }\r\n\r\n\r\n\r\n  });\r\n\r\n      \r\n  <\/script>\r\n\r\n      [\/vc_column][\/vc_row][vc_row full_width=&#8220;stretch_row&#8220; el_class=&#8220;frontbox-intro-txt-row&#8220;][vc_column][vc_column_text]<\/p>\n<h2 style=\"text-align: center;\"><span class=\"HwtZe\" lang=\"de\"><span class=\"jCAhz ChMk0b\"><span class=\"ryNqvb\">Das Angebot unserer Dienstleistungen<\/span><\/span><\/span><\/h2>\n<p>[\/vc_column_text][\/vc_column][\/vc_row][vc_row full_width=&#8220;stretch_row&#8220; el_class=&#8220;frontbox-row&#8220;][vc_column]\r\n\r\n    \r\n      <div class=\"ns-frontbox custom_type_box\">\r\n        <a href=\"https:\/\/www.niropro.si\/de\/schweissen\/\">\r\n          <div class=\"ns-frontbox-img-container\">\r\n            <img decoding=\"async\" src=\"https:\/\/www.niropro.si\/slir\/w410-h260-c410x260-p1\/wp-content\/uploads\/2023\/07\/slika-1.jpg\">          <\/div>\r\n          <div class=\"ns-frontbox-txt\">\r\n            <h3>Schwei\u00dfen<\/h3>\r\n            <p>Beim Schwei\u00dfen werden Metallteile zu einem untrennbaren Ganzen verbunden.<\/p>\r\n            \r\n          <\/div>\r\n        <\/a>\r\n      <\/div>\r\n<!--\r\n      <div class=\"ns-frontbox\">\r\n        <div class=\"ns-frontbox-img-container\" >\r\n          <img decoding=\"async\" src=\"https:\/\/www.niropro.si\/slir\/w410-h260-c410x260-p1\/wp-content\/uploads\/2023\/07\/slika-1.jpg\">        <\/div>\r\n        <div class=\"ns-frontbox-txt\">\r\n            <h4>Beim Schwei\u00dfen werden Metallteile zu einem untrennbaren Ganzen verbunden.<\/h4>\r\n            <h3><a href=\"https:\/\/www.niropro.si\/de\/schweissen\/\">Schwei\u00dfen<\/a><\/h3>\r\n            <p><\/p>\r\n            <a class=\"btn-lg btn btn-accent\" href=\"https:\/\/www.niropro.si\/de\/schweissen\/\"><\/a>\r\n        <\/div>   \r\n      <\/div>\r\n        -->\r\n          \r\n\r\n  \r\n\r\n    \r\n      <div class=\"ns-frontbox custom_type_box\">\r\n        <a href=\"https:\/\/www.niropro.si\/de\/laserschneiden\/\">\r\n          <div class=\"ns-frontbox-img-container\">\r\n            <img decoding=\"async\" src=\"https:\/\/www.niropro.si\/slir\/w410-h260-c410x260-p1\/wp-content\/uploads\/2023\/07\/slika-2.jpg\">          <\/div>\r\n          <div class=\"ns-frontbox-txt\">\r\n            <h3>Laserschneiden<\/h3>\r\n            <p>Das st\u00e4rkste Werkzeug unserer Produktion w\u00e4re neben dem starken und beharrlichen Willen der Arbeiter der Laser.<\/p>\r\n            \r\n          <\/div>\r\n        <\/a>\r\n      <\/div>\r\n<!--\r\n      <div class=\"ns-frontbox\">\r\n        <div class=\"ns-frontbox-img-container\" >\r\n          <img decoding=\"async\" src=\"https:\/\/www.niropro.si\/slir\/w410-h260-c410x260-p1\/wp-content\/uploads\/2023\/07\/slika-2.jpg\">        <\/div>\r\n        <div class=\"ns-frontbox-txt\">\r\n            <h4>Das st\u00e4rkste Werkzeug unserer Produktion w\u00e4re neben dem starken und beharrlichen Willen der Arbeiter der Laser.<\/h4>\r\n            <h3><a href=\"https:\/\/www.niropro.si\/de\/laserschneiden\/\">Laserschneiden<\/a><\/h3>\r\n            <p><\/p>\r\n            <a class=\"btn-lg btn btn-accent\" href=\"https:\/\/www.niropro.si\/de\/laserschneiden\/\"><\/a>\r\n        <\/div>   \r\n      <\/div>\r\n        -->\r\n          \r\n\r\n  \r\n\r\n    \r\n      <div class=\"ns-frontbox custom_type_box\">\r\n        <a href=\"https:\/\/www.niropro.si\/de\/biegen\/\">\r\n          <div class=\"ns-frontbox-img-container\">\r\n            <img decoding=\"async\" src=\"https:\/\/www.niropro.si\/slir\/w410-h260-c410x260-p1\/wp-content\/uploads\/2023\/08\/krivljenje.jpg\">          <\/div>\r\n          <div class=\"ns-frontbox-txt\">\r\n            <h3>Biegen<\/h3>\r\n            <p>Wir sorgen f\u00fcr wiederholbares und pr\u00e4zises Biegen und produzieren Elemente mit anspruchsvollen Formen.<\/p>\r\n            \r\n          <\/div>\r\n        <\/a>\r\n      <\/div>\r\n<!--\r\n      <div class=\"ns-frontbox\">\r\n        <div class=\"ns-frontbox-img-container\" >\r\n          <img decoding=\"async\" src=\"https:\/\/www.niropro.si\/slir\/w410-h260-c410x260-p1\/wp-content\/uploads\/2023\/08\/krivljenje.jpg\">        <\/div>\r\n        <div class=\"ns-frontbox-txt\">\r\n            <h4>Wir sorgen f\u00fcr wiederholbares und pr\u00e4zises Biegen und produzieren Elemente mit anspruchsvollen Formen.<\/h4>\r\n            <h3><a href=\"https:\/\/www.niropro.si\/de\/biegen\/\">Biegen<\/a><\/h3>\r\n            <p><\/p>\r\n            <a class=\"btn-lg btn btn-accent\" href=\"https:\/\/www.niropro.si\/de\/biegen\/\"><\/a>\r\n        <\/div>   \r\n      <\/div>\r\n        -->\r\n          \r\n\r\n  \r\n\r\n    \r\n      <div class=\"ns-frontbox custom_type_box\">\r\n        <a href=\"https:\/\/www.niropro.si\/de\/blechwickeln\/\">\r\n          <div class=\"ns-frontbox-img-container\">\r\n            <img decoding=\"async\" src=\"https:\/\/www.niropro.si\/slir\/w410-h260-c410x260-p1\/wp-content\/uploads\/2023\/07\/rol_gal_6_jpg1.jpg\">          <\/div>\r\n          <div class=\"ns-frontbox-txt\">\r\n            <h3>Blechwickeln<\/h3>\r\n            <p>Beim Walzen von Blechen verwenden wir eine Blechbiegemaschine.<\/p>\r\n            \r\n          <\/div>\r\n        <\/a>\r\n      <\/div>\r\n<!--\r\n      <div class=\"ns-frontbox\">\r\n        <div class=\"ns-frontbox-img-container\" >\r\n          <img decoding=\"async\" src=\"https:\/\/www.niropro.si\/slir\/w410-h260-c410x260-p1\/wp-content\/uploads\/2023\/07\/rol_gal_6_jpg1.jpg\">        <\/div>\r\n        <div class=\"ns-frontbox-txt\">\r\n            <h4>Beim Walzen von Blechen verwenden wir eine Blechbiegemaschine.<\/h4>\r\n            <h3><a href=\"https:\/\/www.niropro.si\/de\/blechwickeln\/\">Blechwickeln<\/a><\/h3>\r\n            <p><\/p>\r\n            <a class=\"btn-lg btn btn-accent\" href=\"https:\/\/www.niropro.si\/de\/blechwickeln\/\"><\/a>\r\n        <\/div>   \r\n      <\/div>\r\n        -->\r\n          \r\n\r\n  \r\n\r\n    \r\n      <div class=\"ns-frontbox custom_type_box\">\r\n        <a href=\"https:\/\/www.niropro.si\/de\/einfassen\/\">\r\n          <div class=\"ns-frontbox-img-container\">\r\n            <img decoding=\"async\" src=\"https:\/\/www.niropro.si\/slir\/w410-h260-c410x260-p1\/wp-content\/uploads\/2023\/07\/slika-5.jpg\">          <\/div>\r\n          <div class=\"ns-frontbox-txt\">\r\n            <h3>Einfassen<\/h3>\r\n            <p>Wir verwenden zwei Bes\u00e4ummaschinen vom Typ RAS 12.35.<\/p>\r\n            \r\n          <\/div>\r\n        <\/a>\r\n      <\/div>\r\n<!--\r\n      <div class=\"ns-frontbox\">\r\n        <div class=\"ns-frontbox-img-container\" >\r\n          <img decoding=\"async\" src=\"https:\/\/www.niropro.si\/slir\/w410-h260-c410x260-p1\/wp-content\/uploads\/2023\/07\/slika-5.jpg\">        <\/div>\r\n        <div class=\"ns-frontbox-txt\">\r\n            <h4>Wir verwenden zwei Bes\u00e4ummaschinen vom Typ RAS 12.35.<\/h4>\r\n            <h3><a href=\"https:\/\/www.niropro.si\/de\/einfassen\/\">Einfassen<\/a><\/h3>\r\n            <p><\/p>\r\n            <a class=\"btn-lg btn btn-accent\" href=\"https:\/\/www.niropro.si\/de\/einfassen\/\"><\/a>\r\n        <\/div>   \r\n      <\/div>\r\n        -->\r\n          \r\n\r\n  \r\n\r\n    \r\n      <div class=\"ns-frontbox custom_type_box\">\r\n        <a href=\"https:\/\/www.niropro.si\/de\/oberflaechenbehandlung\/\">\r\n          <div class=\"ns-frontbox-img-container\">\r\n            <img decoding=\"async\" src=\"https:\/\/www.niropro.si\/slir\/w410-h260-c410x260-p1\/wp-content\/uploads\/2023\/07\/slika-6.jpg\">          <\/div>\r\n          <div class=\"ns-frontbox-txt\">\r\n            <h3>Oberfl\u00e4chenbehandlung<\/h3>\r\n            <p>Zur Oberfl\u00e4chenbehandlung von Produkten nutzen wir Elektropolieren, Verzinken, Sandstrahlen und Pulverlackieren (Cooperants).<\/p>\r\n            \r\n          <\/div>\r\n        <\/a>\r\n      <\/div>\r\n<!--\r\n      <div class=\"ns-frontbox\">\r\n        <div class=\"ns-frontbox-img-container\" >\r\n          <img decoding=\"async\" src=\"https:\/\/www.niropro.si\/slir\/w410-h260-c410x260-p1\/wp-content\/uploads\/2023\/07\/slika-6.jpg\">        <\/div>\r\n        <div class=\"ns-frontbox-txt\">\r\n            <h4>Zur Oberfl\u00e4chenbehandlung von Produkten nutzen wir Elektropolieren, Verzinken, Sandstrahlen und Pulverlackieren (Cooperants).<\/h4>\r\n            <h3><a href=\"https:\/\/www.niropro.si\/de\/oberflaechenbehandlung\/\">Oberfl\u00e4chenbehandlung<\/a><\/h3>\r\n            <p><\/p>\r\n            <a class=\"btn-lg btn btn-accent\" href=\"https:\/\/www.niropro.si\/de\/oberflaechenbehandlung\/\"><\/a>\r\n        <\/div>   \r\n      <\/div>\r\n        -->\r\n          \r\n\r\n  [\/vc_column][\/vc_row][vc_row el_class=&#8220;cadcam-row&#8220;][vc_column][vc_row_inner el_class=&#8220;inner-cadcam-row&#8220;][vc_column_inner offset=&#8220;vc_col-lg-6 vc_col-md-6&#8243;][vc_single_image image=&#8220;476&#8243;][\/vc_column_inner][vc_column_inner offset=&#8220;vc_col-lg-6 vc_col-md-6&#8243;][vc_column_text]<\/p>\n<h3>CAD\/CAM-Entwicklung<\/h3>\n<p>Nach den <strong>W\u00fcnschen unserer Kunden<\/strong> entwickeln wir auch neue und reparieren alte Produkte. Wir verwenden die neueste <strong>3D-Modellierungssoftware<\/strong>. Sehen Sie, wie der Prozess abl\u00e4uft.[\/vc_column_text]\t\r\n\t\t<a href=\"https:\/\/www.niropro.si\/de\/cad-cam-entwicklung\/\" target=\"\" class=\"btn btn-trans btn-lg \" id=\"\">\r\n    Weiterlesen<\/a>\r\n\r\n\t\t[\/vc_column_inner][\/vc_row_inner][\/vc_column][\/vc_row][vc_row full_width=&#8220;stretch_row&#8220; el_class=&#8220;onas-row&#8220;][vc_column offset=&#8220;vc_col-lg-6 vc_col-md-6&#8243;][vc_column_text]\u00dcBER DAS UNTERNEHMEN<\/p>\n<h3>Niropro d.o.o.<\/h3>\n<p>&nbsp;<\/p>\n<p>Mit professioneller Vorgehensweise, Fachwissen und langj\u00e4hriger Erfahrung beteiligen wir uns an der Entwicklung und Produktion von Produkten und Halbzeugen.<\/p>\n<p>&nbsp;<\/p>\n<p>Wir bauen langfristige Gesch\u00e4ftsbeziehungen zu unseren Kunden und Partnern auf, die auf Vertrauen, Zusammenarbeit und p\u00fcnktlicher Lieferung basieren. Wir h\u00f6ren auf Bed\u00fcrfnisse und W\u00fcnsche und setzen sie um.[\/vc_column_text]\t\r\n\t\t<a href=\"https:\/\/www.niropro.si\/de\/ueber-uns\/\" target=\"\" class=\"btn btn-trans-white btn-lg \" id=\"\">\r\n    Weiterlesen<\/a>\r\n\r\n\t\t[\/vc_column][vc_column offset=&#8220;vc_col-lg-6 vc_col-md-6&#8243;][vc_single_image image=&#8220;93&#8243;][\/vc_column][\/vc_row]<\/p>\n<\/section>","protected":false},"excerpt":{"rendered":"<p>[vc_row full_width=&#8220;stretch_row_content_no_spaces&#8220;][vc_column][\/vc_column][\/vc_row][vc_row full_width=&#8220;stretch_row&#8220; el_class=&#8220;frontbox-intro-txt-row&#8220;][vc_column][vc_column_text] Das Angebot unserer Dienstleistungen [\/vc_column_text][\/vc_column][\/vc_row][vc_row full_width=&#8220;stretch_row&#8220; el_class=&#8220;frontbox-row&#8220;][vc_column][\/vc_column][\/vc_row][vc_row el_class=&#8220;cadcam-row&#8220;][vc_column][vc_row_inner el_class=&#8220;inner-cadcam-row&#8220;][vc_column_inner offset=&#8220;vc_col-lg-6 vc_col-md-6&#8243;][vc_single_image image=&#8220;476&#8243;][\/vc_column_inner][vc_column_inner offset=&#8220;vc_col-lg-6 vc_col-md-6&#8243;][vc_column_text] CAD\/CAM-Entwicklung Nach den W\u00fcnschen unserer Kunden entwickeln wir auch neue und reparieren alte Produkte. Wir verwenden die neueste 3D-Modellierungssoftware. Sehen Sie, wie der Prozess abl\u00e4uft.[\/vc_column_text][\/vc_column_inner][\/vc_row_inner][\/vc_column][\/vc_row][vc_row full_width=&#8220;stretch_row&#8220; el_class=&#8220;onas-row&#8220;][vc_column offset=&#8220;vc_col-lg-6 vc_col-md-6&#8243;][vc_column_text]\u00dcBER DAS UNTERNEHMEN Niropro d.o.o. &nbsp; Mit professioneller Vorgehensweise, Fachwissen und langj\u00e4hriger Erfahrung beteiligen wir uns an der Entwicklung und Produktion von Produkten und Halbzeugen. &nbsp; Wir bauen langfristige Gesch\u00e4ftsbeziehungen zu unseren Kunden und Partnern auf, die auf Vertrauen, Zusammenarbeit und p\u00fcnktlicher Lieferung basieren. Wir h\u00f6ren auf Bed\u00fcrfnisse und W\u00fcnsche und setzen sie um.[\/vc_column_text][\/vc_column][vc_column offset=&#8220;vc_col-lg-6 vc_col-md-6&#8243;][vc_single_image image=&#8220;93&#8243;][\/vc_column][\/vc_row]<\/p>\n","protected":false},"author":1,"featured_media":0,"parent":0,"menu_order":0,"comment_status":"closed","ping_status":"closed","template":"","meta":{"footnotes":""},"class_list":["post-516","page","type-page","status-publish","hentry"],"yoast_head":"<!-- This site is optimized with the Yoast SEO plugin v20.11 - https:\/\/yoast.com\/wordpress\/plugins\/seo\/ -->\n<title>Schwei\u00dfen und Metallbearbeitung - Niropro<\/title>\n<meta name=\"description\" content=\"Nach den W\u00fcnschen unserer Kunden entwickeln wir auch neue und reparieren alte Produkte.\" \/>\n<meta name=\"robots\" content=\"index, follow, max-snippet:-1, max-image-preview:large, max-video-preview:-1\" \/>\n<link rel=\"canonical\" href=\"https:\/\/www.niropro.si\/de\/\" \/>\n<meta property=\"og:locale\" content=\"de_DE\" \/>\n<meta property=\"og:type\" content=\"article\" \/>\n<meta property=\"og:title\" content=\"Schwei\u00dfen und Metallbearbeitung - Niropro\" \/>\n<meta property=\"og:description\" content=\"Nach den W\u00fcnschen unserer Kunden entwickeln wir auch neue und reparieren alte Produkte.\" \/>\n<meta property=\"og:url\" content=\"https:\/\/www.niropro.si\/de\/\" \/>\n<meta property=\"og:site_name\" content=\"Niropro\" \/>\n<meta property=\"article:modified_time\" content=\"2023-08-09T04:46:10+00:00\" \/>\n<meta name=\"twitter:card\" content=\"summary_large_image\" \/>\n<meta name=\"twitter:label1\" content=\"Gesch\u00e4tzte Lesezeit\" \/>\n\t<meta name=\"twitter:data1\" content=\"2\u00a0Minuten\" \/>\n<script type=\"application\/ld+json\" class=\"yoast-schema-graph\">{\"@context\":\"https:\/\/schema.org\",\"@graph\":[{\"@type\":\"WebPage\",\"@id\":\"https:\/\/www.niropro.si\/de\/\",\"url\":\"https:\/\/www.niropro.si\/de\/\",\"name\":\"Schwei\u00dfen und Metallbearbeitung - Niropro\",\"isPartOf\":{\"@id\":\"https:\/\/www.niropro.si\/de\/#website\"},\"datePublished\":\"2023-07-13T09:59:54+00:00\",\"dateModified\":\"2023-08-09T04:46:10+00:00\",\"description\":\"Nach den W\u00fcnschen unserer Kunden entwickeln wir auch neue und reparieren alte Produkte.\",\"breadcrumb\":{\"@id\":\"https:\/\/www.niropro.si\/de\/#breadcrumb\"},\"inLanguage\":\"de\",\"potentialAction\":[{\"@type\":\"ReadAction\",\"target\":[\"https:\/\/www.niropro.si\/de\/\"]}]},{\"@type\":\"BreadcrumbList\",\"@id\":\"https:\/\/www.niropro.si\/de\/#breadcrumb\",\"itemListElement\":[{\"@type\":\"ListItem\",\"position\":1,\"name\":\"Startseite\",\"item\":\"https:\/\/www.niropro.si\/de\/\"},{\"@type\":\"ListItem\",\"position\":2,\"name\":\"Domov\"}]},{\"@type\":\"WebSite\",\"@id\":\"https:\/\/www.niropro.si\/de\/#website\",\"url\":\"https:\/\/www.niropro.si\/de\/\",\"name\":\"Niropro\",\"description\":\"\",\"potentialAction\":[{\"@type\":\"SearchAction\",\"target\":{\"@type\":\"EntryPoint\",\"urlTemplate\":\"https:\/\/www.niropro.si\/de\/?s={search_term_string}\"},\"query-input\":\"required name=search_term_string\"}],\"inLanguage\":\"de\"}]}<\/script>\n<!-- \/ Yoast SEO plugin. -->","yoast_head_json":{"title":"Schwei\u00dfen und Metallbearbeitung - Niropro","description":"Nach den W\u00fcnschen unserer Kunden entwickeln wir auch neue und reparieren alte Produkte.","robots":{"index":"index","follow":"follow","max-snippet":"max-snippet:-1","max-image-preview":"max-image-preview:large","max-video-preview":"max-video-preview:-1"},"canonical":"https:\/\/www.niropro.si\/de\/","og_locale":"de_DE","og_type":"article","og_title":"Schwei\u00dfen und Metallbearbeitung - Niropro","og_description":"Nach den W\u00fcnschen unserer Kunden entwickeln wir auch neue und reparieren alte Produkte.","og_url":"https:\/\/www.niropro.si\/de\/","og_site_name":"Niropro","article_modified_time":"2023-08-09T04:46:10+00:00","twitter_card":"summary_large_image","twitter_misc":{"Gesch\u00e4tzte Lesezeit":"2\u00a0Minuten"},"schema":{"@context":"https:\/\/schema.org","@graph":[{"@type":"WebPage","@id":"https:\/\/www.niropro.si\/de\/","url":"https:\/\/www.niropro.si\/de\/","name":"Schwei\u00dfen und Metallbearbeitung - Niropro","isPartOf":{"@id":"https:\/\/www.niropro.si\/de\/#website"},"datePublished":"2023-07-13T09:59:54+00:00","dateModified":"2023-08-09T04:46:10+00:00","description":"Nach den W\u00fcnschen unserer Kunden entwickeln wir auch neue und reparieren alte Produkte.","breadcrumb":{"@id":"https:\/\/www.niropro.si\/de\/#breadcrumb"},"inLanguage":"de","potentialAction":[{"@type":"ReadAction","target":["https:\/\/www.niropro.si\/de\/"]}]},{"@type":"BreadcrumbList","@id":"https:\/\/www.niropro.si\/de\/#breadcrumb","itemListElement":[{"@type":"ListItem","position":1,"name":"Startseite","item":"https:\/\/www.niropro.si\/de\/"},{"@type":"ListItem","position":2,"name":"Domov"}]},{"@type":"WebSite","@id":"https:\/\/www.niropro.si\/de\/#website","url":"https:\/\/www.niropro.si\/de\/","name":"Niropro","description":"","potentialAction":[{"@type":"SearchAction","target":{"@type":"EntryPoint","urlTemplate":"https:\/\/www.niropro.si\/de\/?s={search_term_string}"},"query-input":"required name=search_term_string"}],"inLanguage":"de"}]}},"_links":{"self":[{"href":"https:\/\/www.niropro.si\/de\/wp-json\/wp\/v2\/pages\/516","targetHints":{"allow":["GET"]}}],"collection":[{"href":"https:\/\/www.niropro.si\/de\/wp-json\/wp\/v2\/pages"}],"about":[{"href":"https:\/\/www.niropro.si\/de\/wp-json\/wp\/v2\/types\/page"}],"author":[{"embeddable":true,"href":"https:\/\/www.niropro.si\/de\/wp-json\/wp\/v2\/users\/1"}],"replies":[{"embeddable":true,"href":"https:\/\/www.niropro.si\/de\/wp-json\/wp\/v2\/comments?post=516"}],"version-history":[{"count":0,"href":"https:\/\/www.niropro.si\/de\/wp-json\/wp\/v2\/pages\/516\/revisions"}],"wp:attachment":[{"href":"https:\/\/www.niropro.si\/de\/wp-json\/wp\/v2\/media?parent=516"}],"curies":[{"name":"wp","href":"https:\/\/api.w.org\/{rel}","templated":true}]}}