{"id":508,"date":"2023-07-13T11:48:53","date_gmt":"2023-07-13T10:48:53","guid":{"rendered":"https:\/\/www.niropro.si\/varjenje\/"},"modified":"2023-08-03T08:23:46","modified_gmt":"2023-08-03T07:23:46","slug":"schweissen","status":"publish","type":"page","link":"https:\/\/www.niropro.si\/de\/schweissen\/","title":{"rendered":"Schwei\u00dfen"},"content":{"rendered":"<section class=\"wpb-content-wrapper\"><p>[vc_row][vc_column]        \r\n        <div class=\"title-banner\">\r\n          <div class=\"breadcrumbs-container\">\r\n            <div class=\"breadcrumbs\">\r\n              <p id=\"breadcrumbs\"><span><span><a href=\"https:\/\/www.niropro.si\/de\/\">Startseite<\/a><\/span><\/span><\/p>            <div class=\"clearfix\"><\/div>\r\n            <\/div>\r\n          <\/div>\r\n\r\n          <div class=\"title-banner-image-container\" style=\"background-image: url('https:\/\/www.niropro.si\/wp-content\/themes\/ns-template\/img\/page_title_back.jpg');\">\r\n                          <h1>Schwei\u00dfen<\/h1>\r\n                      <\/div>\r\n               \r\n        <\/div>\r\n        \r\n        [\/vc_column][\/vc_row][vc_row][vc_column offset=&#8220;vc_col-lg-6 vc_col-md-6&#8243;][vc_column_text]Schwei\u00dfen ist das Verbinden von Metallteilen zu einem <strong>untrennbaren Ganzen<\/strong>. Das <strong>TIG-Schwei\u00dfen<\/strong> ist das am h\u00e4ufigsten verwendete Verfahren. Wir verwenden auch <strong>MIG\/MAG Schwei\u00dfen<\/strong> und <strong>Punktschwei\u00dfen<\/strong>.<\/p>\n<p>Beim <strong>Schmelzschwei\u00dfen<\/strong> wird das Material an der Schwei\u00dfstelle auf den Schmelzpunkt erhitzt. Die geschwei\u00dfte Rinne muss mit einem Drahtf\u00fcllmaterial gef\u00fcllt werden, das ungef\u00e4hr die gleiche Zusammensetzung wie das Schwei\u00dfst\u00fcck hat. Schmelzschwei\u00dfen wird in Flamm- und Lichtbogenschwei\u00dfen unterteilt. Lichtbogenschwei\u00dfen wird unterteilt in Schwei\u00dfen mit ummantelter Elektrode und Schutzgasschwei\u00dfen, das wir auch anwenden.<\/p>\n<p>Beim <strong>Punktschwei\u00dfen<\/strong> werden die Teile durch zwei entgegengesetzt liegende Elektroden gedr\u00fcckt, die gleichzeitig Strom leiten.[\/vc_column_text][\/vc_column][vc_column offset=&#8220;vc_col-lg-6 vc_col-md-6&#8243;][vc_single_image image=&#8220;71&#8243; img_size=&#8220;630&#215;400&#8243;][\/vc_column][\/vc_row][vc_row][vc_column][vc_column_text]<strong>TIG-Verfahren:<\/strong> Schwei\u00dfen mit Wolframelektrode<br \/>\n<strong>MIG-Verfahren:<\/strong> Wir schwei\u00dfen mit schmelzbaren Elektroden, als Schutzgas werden Inertgase (Argon) verwendet.<br \/>\n<strong>MAG-Verfahren:<\/strong> Dieser Prozess verwendet kosteng\u00fcnstige Gase (CO2)[\/vc_column_text][\/vc_column][\/vc_row][vc_row full_width=&#8220;stretch_row&#8220; el_class=&#8220;frontbox-row varjenje-frontbox-row&#8220;][vc_column]\r\n\r\n    \r\n      <div class=\"ns-frontbox custom_type_box\">\r\n        <a href=\"https:\/\/www.niropro.si\/de\/schweissen\/roboterschweissen\/\">\r\n          <div class=\"ns-frontbox-img-container\">\r\n            <img decoding=\"async\" src=\"https:\/\/www.niropro.si\/slir\/w410-h260-c410x260-p1\/wp-content\/uploads\/2023\/07\/slika-9.jpg\">          <\/div>\r\n          <div class=\"ns-frontbox-txt\">\r\n            <h3>Roboterschwei\u00dfen<\/h3>\r\n            <p>Schwei\u00dfroboterzelle mit vielen Optionen mit RoboFlex, Typ Fanuc.<\/p>\r\n            \r\n          <\/div>\r\n        <\/a>\r\n      <\/div>\r\n<!--\r\n      <div class=\"ns-frontbox\">\r\n        <div class=\"ns-frontbox-img-container\" >\r\n          <img decoding=\"async\" src=\"https:\/\/www.niropro.si\/slir\/w410-h260-c410x260-p1\/wp-content\/uploads\/2023\/07\/slika-9.jpg\">        <\/div>\r\n        <div class=\"ns-frontbox-txt\">\r\n            <h4>Schwei\u00dfroboterzelle mit vielen Optionen mit RoboFlex, Typ Fanuc.<\/h4>\r\n            <h3><a href=\"https:\/\/www.niropro.si\/de\/schweissen\/roboterschweissen\/\">Roboterschwei\u00dfen<\/a><\/h3>\r\n            <p><\/p>\r\n            <a class=\"btn-lg btn btn-accent\" href=\"https:\/\/www.niropro.si\/de\/schweissen\/roboterschweissen\/\"><\/a>\r\n        <\/div>   \r\n      <\/div>\r\n        -->\r\n          \r\n\r\n  \r\n\r\n    \r\n      <div class=\"ns-frontbox custom_type_box\">\r\n        <a href=\"https:\/\/www.niropro.si\/de\/schweissen\/laengsnahtschweissen\/\">\r\n          <div class=\"ns-frontbox-img-container\">\r\n            <img decoding=\"async\" src=\"https:\/\/www.niropro.si\/slir\/w410-h260-c410x260-p1\/wp-content\/uploads\/2023\/07\/slika-10.jpg\">          <\/div>\r\n          <div class=\"ns-frontbox-txt\">\r\n            <h3>L\u00e4ngsnahtschwei\u00dfen<\/h3>\r\n            <p>Die Maschine zum L\u00e4ngsschwei\u00dfen besteht aus einem Rahmen, einer Blechklemme und einer F\u00fchrungsschiene mit Auflage.<\/p>\r\n            \r\n          <\/div>\r\n        <\/a>\r\n      <\/div>\r\n<!--\r\n      <div class=\"ns-frontbox\">\r\n        <div class=\"ns-frontbox-img-container\" >\r\n          <img decoding=\"async\" src=\"https:\/\/www.niropro.si\/slir\/w410-h260-c410x260-p1\/wp-content\/uploads\/2023\/07\/slika-10.jpg\">        <\/div>\r\n        <div class=\"ns-frontbox-txt\">\r\n            <h4>Die Maschine zum L\u00e4ngsschwei\u00dfen besteht aus einem Rahmen, einer Blechklemme und einer F\u00fchrungsschiene mit Auflage.<\/h4>\r\n            <h3><a href=\"https:\/\/www.niropro.si\/de\/schweissen\/laengsnahtschweissen\/\">L\u00e4ngsnahtschwei\u00dfen<\/a><\/h3>\r\n            <p><\/p>\r\n            <a class=\"btn-lg btn btn-accent\" href=\"https:\/\/www.niropro.si\/de\/schweissen\/laengsnahtschweissen\/\"><\/a>\r\n        <\/div>   \r\n      <\/div>\r\n        -->\r\n          \r\n\r\n  \r\n\r\n    \r\n      <div class=\"ns-frontbox custom_type_box\">\r\n        <a href=\"https:\/\/www.niropro.si\/de\/schweissen\/schweissen-und-stanzen-von-muttern-und-bolzen\/\">\r\n          <div class=\"ns-frontbox-img-container\">\r\n            <img decoding=\"async\" src=\"https:\/\/www.niropro.si\/slir\/w410-h260-c410x260-p1\/wp-content\/uploads\/2023\/07\/slika-11.jpg\">          <\/div>\r\n          <div class=\"ns-frontbox-txt\">\r\n            <h3>Schwei\u00dfen und Stanzen von Muttern und Bolzen<\/h3>\r\n            <p>Zum Schwei\u00dfen von Muttern und Schrauben verwenden wir das Kondensatorschwei\u00dfen.<\/p>\r\n            \r\n          <\/div>\r\n        <\/a>\r\n      <\/div>\r\n<!--\r\n      <div class=\"ns-frontbox\">\r\n        <div class=\"ns-frontbox-img-container\" >\r\n          <img decoding=\"async\" src=\"https:\/\/www.niropro.si\/slir\/w410-h260-c410x260-p1\/wp-content\/uploads\/2023\/07\/slika-11.jpg\">        <\/div>\r\n        <div class=\"ns-frontbox-txt\">\r\n            <h4>Zum Schwei\u00dfen von Muttern und Schrauben verwenden wir das Kondensatorschwei\u00dfen.<\/h4>\r\n            <h3><a href=\"https:\/\/www.niropro.si\/de\/schweissen\/schweissen-und-stanzen-von-muttern-und-bolzen\/\">Schwei\u00dfen und Stanzen von Muttern und Bolzen<\/a><\/h3>\r\n            <p><\/p>\r\n            <a class=\"btn-lg btn btn-accent\" href=\"https:\/\/www.niropro.si\/de\/schweissen\/schweissen-und-stanzen-von-muttern-und-bolzen\/\"><\/a>\r\n        <\/div>   \r\n      <\/div>\r\n        -->\r\n          \r\n\r\n  [\/vc_column][\/vc_row][vc_row full_width=&#8220;stretch_row&#8220; el_class=&#8220;cta-row&#8220;][vc_column]        <div class=\"cta-block-container\">\r\n          <div class=\"row\">\r\n            <div class=\"col-xl-1\">\r\n            <\/div>\r\n            <div class=\"col-xl-7 col-md-8\">\r\n            <div class=\"txt-container\">\r\n            <strong>Haben Sie eine Frage oder Anregung?<\/strong> Nehmen Sie Kontakt mit uns auf.            <\/div>\r\n            <\/div>\r\n            <div class=\"col-xl-3 col-md-4\">\r\n            <a href=\"https:\/\/www.niropro.si\/de\/kontakt\/\" target=\"\" class=\"btn btn-lg btn-white\">\r\n             Kontaktiere uns            <\/a>\r\n            \r\n            <div class=\"col-xl-1\">\r\n            <\/div>\r\n          <\/div>\r\n          <\/div>\r\n        <\/div>\r\n\r\n      \r\n        \r\n        [\/vc_column][\/vc_row]<\/p>\n<\/section>","protected":false},"excerpt":{"rendered":"<p>[vc_row][vc_column][\/vc_column][\/vc_row][vc_row][vc_column offset=&#8220;vc_col-lg-6 vc_col-md-6&#8243;][vc_column_text]Schwei\u00dfen ist das Verbinden von Metallteilen zu einem untrennbaren Ganzen. Das TIG-Schwei\u00dfen ist das am h\u00e4ufigsten verwendete Verfahren. Wir verwenden auch MIG\/MAG Schwei\u00dfen und Punktschwei\u00dfen. Beim Schmelzschwei\u00dfen wird das Material an der Schwei\u00dfstelle auf den Schmelzpunkt erhitzt. Die geschwei\u00dfte Rinne muss mit einem Drahtf\u00fcllmaterial gef\u00fcllt werden, das ungef\u00e4hr die gleiche Zusammensetzung wie das Schwei\u00dfst\u00fcck hat. Schmelzschwei\u00dfen wird in Flamm- und Lichtbogenschwei\u00dfen unterteilt. Lichtbogenschwei\u00dfen wird unterteilt in Schwei\u00dfen mit ummantelter Elektrode und Schutzgasschwei\u00dfen, das wir auch anwenden. Beim Punktschwei\u00dfen werden die Teile durch zwei entgegengesetzt liegende Elektroden gedr\u00fcckt, die gleichzeitig Strom leiten.[\/vc_column_text][\/vc_column][vc_column offset=&#8220;vc_col-lg-6 vc_col-md-6&#8243;][vc_single_image image=&#8220;71&#8243; img_size=&#8220;630&#215;400&#8243;][\/vc_column][\/vc_row][vc_row][vc_column][vc_column_text]TIG-Verfahren: Schwei\u00dfen mit Wolframelektrode MIG-Verfahren: Wir schwei\u00dfen mit schmelzbaren Elektroden, als Schutzgas werden Inertgase (Argon) verwendet. MAG-Verfahren: Dieser Prozess verwendet kosteng\u00fcnstige Gase (CO2)[\/vc_column_text][\/vc_column][\/vc_row][vc_row full_width=&#8220;stretch_row&#8220; [&hellip;]<\/p>\n","protected":false},"author":1,"featured_media":318,"parent":0,"menu_order":0,"comment_status":"closed","ping_status":"closed","template":"","meta":{"footnotes":""},"class_list":["post-508","page","type-page","status-publish","has-post-thumbnail","hentry"],"yoast_head":"<!-- This site is optimized with the Yoast SEO plugin v20.11 - https:\/\/yoast.com\/wordpress\/plugins\/seo\/ -->\n<title>Schwei\u00dfen - Niropro<\/title>\n<meta name=\"description\" content=\"Schwei\u00dfen ist das Verbinden von Metallteilen zu einem untrennbaren Ganzen. Das TIG-Schwei\u00dfen ist das am h\u00e4ufigsten verwendete Verfahren. Wir verwenden auch MIG\/MAG Schwei\u00dfen und Punktschwei\u00dfen. Beim Schmelzschwei\u00dfen wird das Material\" \/>\n<meta name=\"robots\" content=\"index, follow, max-snippet:-1, max-image-preview:large, max-video-preview:-1\" \/>\n<link rel=\"canonical\" href=\"https:\/\/www.niropro.si\/de\/schweissen\/\" \/>\n<meta property=\"og:locale\" content=\"de_DE\" \/>\n<meta property=\"og:type\" content=\"article\" \/>\n<meta property=\"og:title\" content=\"Schwei\u00dfen - Niropro\" \/>\n<meta property=\"og:description\" content=\"[vc_row][vc_column][\/vc_column][\/vc_row][vc_row][vc_column offset=&#8220;vc_col-lg-6 vc_col-md-6&#8243;][vc_column_text]Schwei\u00dfen ist das Verbinden von Metallteilen zu einem untrennbaren Ganzen. Das TIG-Schwei\u00dfen ist das am h\u00e4ufigsten verwendete Verfahren. Wir verwenden auch MIG\/MAG Schwei\u00dfen und Punktschwei\u00dfen. Beim Schmelzschwei\u00dfen wird das Material an der Schwei\u00dfstelle auf den Schmelzpunkt erhitzt. Die geschwei\u00dfte Rinne muss mit einem Drahtf\u00fcllmaterial gef\u00fcllt werden, das ungef\u00e4hr die gleiche Zusammensetzung wie das Schwei\u00dfst\u00fcck hat. Schmelzschwei\u00dfen wird in Flamm- und Lichtbogenschwei\u00dfen unterteilt. Lichtbogenschwei\u00dfen wird unterteilt in Schwei\u00dfen mit ummantelter Elektrode und Schutzgasschwei\u00dfen, das wir auch anwenden. Beim Punktschwei\u00dfen werden die Teile durch zwei entgegengesetzt liegende Elektroden gedr\u00fcckt, die gleichzeitig Strom leiten.[\/vc_column_text][\/vc_column][vc_column offset=&#8220;vc_col-lg-6 vc_col-md-6&#8243;][vc_single_image image=&#8220;71&#8243; img_size=&#8220;630&#215;400&#8243;][\/vc_column][\/vc_row][vc_row][vc_column][vc_column_text]TIG-Verfahren: Schwei\u00dfen mit Wolframelektrode MIG-Verfahren: Wir schwei\u00dfen mit schmelzbaren Elektroden, als Schutzgas werden Inertgase (Argon) verwendet. MAG-Verfahren: Dieser Prozess verwendet kosteng\u00fcnstige Gase (CO2)[\/vc_column_text][\/vc_column][\/vc_row][vc_row full_width=&#8220;stretch_row&#8220; [&hellip;]\" \/>\n<meta property=\"og:url\" content=\"https:\/\/www.niropro.si\/de\/schweissen\/\" \/>\n<meta property=\"og:site_name\" content=\"Niropro\" \/>\n<meta property=\"article:modified_time\" content=\"2023-08-03T07:23:46+00:00\" \/>\n<meta property=\"og:image\" content=\"https:\/\/www.niropro.si\/wp-content\/uploads\/2023\/07\/slika-1.jpg\" \/>\n\t<meta property=\"og:image:width\" content=\"1160\" \/>\n\t<meta property=\"og:image:height\" content=\"400\" \/>\n\t<meta property=\"og:image:type\" content=\"image\/jpeg\" \/>\n<meta name=\"twitter:card\" content=\"summary_large_image\" \/>\n<meta name=\"twitter:label1\" content=\"Gesch\u00e4tzte Lesezeit\" \/>\n\t<meta name=\"twitter:data1\" content=\"1\u00a0Minute\" \/>\n<script type=\"application\/ld+json\" class=\"yoast-schema-graph\">{\"@context\":\"https:\/\/schema.org\",\"@graph\":[{\"@type\":\"WebPage\",\"@id\":\"https:\/\/www.niropro.si\/de\/schweissen\/\",\"url\":\"https:\/\/www.niropro.si\/de\/schweissen\/\",\"name\":\"Schwei\u00dfen - Niropro\",\"isPartOf\":{\"@id\":\"https:\/\/www.niropro.si\/de\/#website\"},\"datePublished\":\"2023-07-13T10:48:53+00:00\",\"dateModified\":\"2023-08-03T07:23:46+00:00\",\"breadcrumb\":{\"@id\":\"https:\/\/www.niropro.si\/de\/schweissen\/#breadcrumb\"},\"inLanguage\":\"de\",\"potentialAction\":[{\"@type\":\"ReadAction\",\"target\":[\"https:\/\/www.niropro.si\/de\/schweissen\/\"]}]},{\"@type\":\"BreadcrumbList\",\"@id\":\"https:\/\/www.niropro.si\/de\/schweissen\/#breadcrumb\",\"itemListElement\":[{\"@type\":\"ListItem\",\"position\":1,\"name\":\"Startseite\",\"item\":\"https:\/\/www.niropro.si\/de\/\"},{\"@type\":\"ListItem\",\"position\":2,\"name\":\"Schwei\u00dfen\"}]},{\"@type\":\"WebSite\",\"@id\":\"https:\/\/www.niropro.si\/de\/#website\",\"url\":\"https:\/\/www.niropro.si\/de\/\",\"name\":\"Niropro\",\"description\":\"\",\"potentialAction\":[{\"@type\":\"SearchAction\",\"target\":{\"@type\":\"EntryPoint\",\"urlTemplate\":\"https:\/\/www.niropro.si\/de\/?s={search_term_string}\"},\"query-input\":\"required name=search_term_string\"}],\"inLanguage\":\"de\"}]}<\/script>\n<!-- \/ Yoast SEO plugin. -->","yoast_head_json":{"title":"Schwei\u00dfen - Niropro","description":"Schwei\u00dfen ist das Verbinden von Metallteilen zu einem untrennbaren Ganzen. Das TIG-Schwei\u00dfen ist das am h\u00e4ufigsten verwendete Verfahren. Wir verwenden auch MIG\/MAG Schwei\u00dfen und Punktschwei\u00dfen. Beim Schmelzschwei\u00dfen wird das Material","robots":{"index":"index","follow":"follow","max-snippet":"max-snippet:-1","max-image-preview":"max-image-preview:large","max-video-preview":"max-video-preview:-1"},"canonical":"https:\/\/www.niropro.si\/de\/schweissen\/","og_locale":"de_DE","og_type":"article","og_title":"Schwei\u00dfen - Niropro","og_description":"[vc_row][vc_column][\/vc_column][\/vc_row][vc_row][vc_column offset=&#8220;vc_col-lg-6 vc_col-md-6&#8243;][vc_column_text]Schwei\u00dfen ist das Verbinden von Metallteilen zu einem untrennbaren Ganzen. Das TIG-Schwei\u00dfen ist das am h\u00e4ufigsten verwendete Verfahren. Wir verwenden auch MIG\/MAG Schwei\u00dfen und Punktschwei\u00dfen. Beim Schmelzschwei\u00dfen wird das Material an der Schwei\u00dfstelle auf den Schmelzpunkt erhitzt. Die geschwei\u00dfte Rinne muss mit einem Drahtf\u00fcllmaterial gef\u00fcllt werden, das ungef\u00e4hr die gleiche Zusammensetzung wie das Schwei\u00dfst\u00fcck hat. Schmelzschwei\u00dfen wird in Flamm- und Lichtbogenschwei\u00dfen unterteilt. Lichtbogenschwei\u00dfen wird unterteilt in Schwei\u00dfen mit ummantelter Elektrode und Schutzgasschwei\u00dfen, das wir auch anwenden. Beim Punktschwei\u00dfen werden die Teile durch zwei entgegengesetzt liegende Elektroden gedr\u00fcckt, die gleichzeitig Strom leiten.[\/vc_column_text][\/vc_column][vc_column offset=&#8220;vc_col-lg-6 vc_col-md-6&#8243;][vc_single_image image=&#8220;71&#8243; img_size=&#8220;630&#215;400&#8243;][\/vc_column][\/vc_row][vc_row][vc_column][vc_column_text]TIG-Verfahren: Schwei\u00dfen mit Wolframelektrode MIG-Verfahren: Wir schwei\u00dfen mit schmelzbaren Elektroden, als Schutzgas werden Inertgase (Argon) verwendet. MAG-Verfahren: Dieser Prozess verwendet kosteng\u00fcnstige Gase (CO2)[\/vc_column_text][\/vc_column][\/vc_row][vc_row full_width=&#8220;stretch_row&#8220; [&hellip;]","og_url":"https:\/\/www.niropro.si\/de\/schweissen\/","og_site_name":"Niropro","article_modified_time":"2023-08-03T07:23:46+00:00","og_image":[{"width":1160,"height":400,"url":"https:\/\/www.niropro.si\/wp-content\/uploads\/2023\/07\/slika-1.jpg","type":"image\/jpeg"}],"twitter_card":"summary_large_image","twitter_misc":{"Gesch\u00e4tzte Lesezeit":"1\u00a0Minute"},"schema":{"@context":"https:\/\/schema.org","@graph":[{"@type":"WebPage","@id":"https:\/\/www.niropro.si\/de\/schweissen\/","url":"https:\/\/www.niropro.si\/de\/schweissen\/","name":"Schwei\u00dfen - Niropro","isPartOf":{"@id":"https:\/\/www.niropro.si\/de\/#website"},"datePublished":"2023-07-13T10:48:53+00:00","dateModified":"2023-08-03T07:23:46+00:00","breadcrumb":{"@id":"https:\/\/www.niropro.si\/de\/schweissen\/#breadcrumb"},"inLanguage":"de","potentialAction":[{"@type":"ReadAction","target":["https:\/\/www.niropro.si\/de\/schweissen\/"]}]},{"@type":"BreadcrumbList","@id":"https:\/\/www.niropro.si\/de\/schweissen\/#breadcrumb","itemListElement":[{"@type":"ListItem","position":1,"name":"Startseite","item":"https:\/\/www.niropro.si\/de\/"},{"@type":"ListItem","position":2,"name":"Schwei\u00dfen"}]},{"@type":"WebSite","@id":"https:\/\/www.niropro.si\/de\/#website","url":"https:\/\/www.niropro.si\/de\/","name":"Niropro","description":"","potentialAction":[{"@type":"SearchAction","target":{"@type":"EntryPoint","urlTemplate":"https:\/\/www.niropro.si\/de\/?s={search_term_string}"},"query-input":"required name=search_term_string"}],"inLanguage":"de"}]}},"_links":{"self":[{"href":"https:\/\/www.niropro.si\/de\/wp-json\/wp\/v2\/pages\/508","targetHints":{"allow":["GET"]}}],"collection":[{"href":"https:\/\/www.niropro.si\/de\/wp-json\/wp\/v2\/pages"}],"about":[{"href":"https:\/\/www.niropro.si\/de\/wp-json\/wp\/v2\/types\/page"}],"author":[{"embeddable":true,"href":"https:\/\/www.niropro.si\/de\/wp-json\/wp\/v2\/users\/1"}],"replies":[{"embeddable":true,"href":"https:\/\/www.niropro.si\/de\/wp-json\/wp\/v2\/comments?post=508"}],"version-history":[{"count":0,"href":"https:\/\/www.niropro.si\/de\/wp-json\/wp\/v2\/pages\/508\/revisions"}],"wp:featuredmedia":[{"embeddable":true,"href":"https:\/\/www.niropro.si\/de\/wp-json\/wp\/v2\/media\/318"}],"wp:attachment":[{"href":"https:\/\/www.niropro.si\/de\/wp-json\/wp\/v2\/media?parent=508"}],"curies":[{"name":"wp","href":"https:\/\/api.w.org\/{rel}","templated":true}]}}