{"id":506,"date":"2023-07-13T11:49:03","date_gmt":"2023-07-13T10:49:03","guid":{"rendered":"https:\/\/www.niropro.si\/laserski-razrez\/"},"modified":"2023-08-04T12:04:16","modified_gmt":"2023-08-04T11:04:16","slug":"laserschneiden","status":"publish","type":"page","link":"https:\/\/www.niropro.si\/de\/laserschneiden\/","title":{"rendered":"Laserschneiden"},"content":{"rendered":"<section class=\"wpb-content-wrapper\"><p>[vc_row][vc_column]        \r\n        <div class=\"title-banner\">\r\n          <div class=\"breadcrumbs-container\">\r\n            <div class=\"breadcrumbs\">\r\n              <p id=\"breadcrumbs\"><span><span><a href=\"https:\/\/www.niropro.si\/de\/\">Startseite<\/a><\/span><\/span><\/p>            <div class=\"clearfix\"><\/div>\r\n            <\/div>\r\n          <\/div>\r\n\r\n          <div class=\"title-banner-image-container\" style=\"background-image: url('https:\/\/www.niropro.si\/wp-content\/themes\/ns-template\/img\/page_title_back.jpg');\">\r\n                          <h1>Laserschneiden<\/h1>\r\n                      <\/div>\r\n               \r\n        <\/div>\r\n        \r\n        [\/vc_column][\/vc_row][vc_row][vc_column offset=&#8220;vc_col-lg-6 vc_col-md-6&#8243;][vc_column_text]<strong>Laserschneiden \u2013 Der Laserstrahl<\/strong> entsteht in einem Resonator, der die teuerste und technologisch anspruchsvollste Baugruppe ist, und \u00fcber Spiegel und Linsen bis zum Werkst\u00fcck geleitet wird. Unmittelbar vor dem Werkst\u00fcck wird der Strahl fokussiert (verd\u00fcnnt sich bis auf einen Zehntel Millimeter) und hat eine hohe Energiedichte, die Materialien zum Schmelzen und sogar zum Verdampfen bringt.[\/vc_column_text][\/vc_column][vc_column offset=&#8220;vc_col-lg-6 vc_col-md-6&#8243;][vc_single_image image=&#8220;72&#8243;][\/vc_column][\/vc_row][vc_row][vc_column][vc_column_text]Das m\u00e4chtigste Werkzeug unserer Produktion ist neben dem starken und <strong>hartn\u00e4ckigen Willen der Arbeiter<\/strong> <strong>der Laser<\/strong>, dessen Technologie es m\u00f6glich macht, die gew\u00fcnschten Ergebnisse in viel k\u00fcrzerer Zeit zu erzielen, unabh\u00e4ngig von der Komplexit\u00e4t der bestellten Produkte. Er ist auch unverzichtbar f\u00fcr die Herstellung von gr\u00f6\u00dfere Chargen.[\/vc_column_text][\/vc_column][\/vc_row][vc_row][vc_column width=&#8220;1\/2&#8243;][vc_column_text]<\/p>\n<h3>LVD ORION 3015<\/h3>\n<h4>Technische Merkmale:<\/h4>\n<p><strong>Arbeitsfl\u00e4che:<\/strong> 3000 \u00d7 1500 mm<br \/>\n<strong>Verschiebung der X-Achse:<\/strong> 3080 mm<br \/>\n<strong>Verschiebung der Y-Achse:<\/strong> 1550 mm<br \/>\n<strong>Verschiebung der Z-Achse:<\/strong> 290 mm<br \/>\n<strong>Geschwindigkeit der Positionierung:<\/strong> Achsen X und Y 100 m\/min, Z-Achse 15 m\/min<br \/>\n<strong>Materialgewicht max:<\/strong> 570 kg<br \/>\n<strong>Speicher:<\/strong> 512 kb<\/p>\n<p><strong>Maximale Materialst\u00e4rke:<\/strong><\/p>\n<ul>\n<li><strong>Stahl<\/strong> von 0,8 mm bis 10 mm<\/li>\n<li><strong>Inox<\/strong> von 0,8 bis 6 mm<\/li>\n<li><strong>Aluminium<\/strong> von 1 mm bis 6 mm<\/li>\n<\/ul>\n<p><strong>Laserleistung: 2.5 kW<\/strong>[\/vc_column_text][\/vc_column][vc_column width=&#8220;1\/2&#8243;][vc_column_text]<\/p>\n<h3>BODOR P3015<\/h3>\n<h4>Technische Merkmale:<\/h4>\n<p><strong>Arbeitsfl\u00e4che:<\/strong> 3048 \u00d7 1524 mm<br \/>\n<strong>Verschiebung der X\/Y-Achsen Genauigkeit:<\/strong> 0,03 mm<br \/>\n<strong>Neupositionierung der X\/Y-Achsen Genauigkeit:<\/strong> 0,02 mm<br \/>\n<strong>Max. Beschleunigung der X\/Y Achsen:<\/strong> 4G<br \/>\n<strong>Geschwindigkeit der Positionierung:<\/strong> X-, Y-Achsen 200 m\/min<\/p>\n<p><strong>Maximale Materialst\u00e4rke:<\/strong><\/p>\n<ul>\n<li><strong>Stahl<\/strong> von 0,8 mm bis 20 mm<\/li>\n<li><strong>Inox<\/strong> von 0,8 mm bis 20 mm<\/li>\n<li><strong>Aluminium<\/strong> von 1 mm bis 20 mm<\/li>\n<\/ul>\n<p><strong>Laserleistung: 6 kW<\/strong>[\/vc_column_text][\/vc_column][\/vc_row][vc_row el_class=&#8220;laser-video-row&#8220;][vc_column width=&#8220;1\/2&#8243;]        <div class=\"\">\r\n          <div class=\"ns-yt-wrapper\">\r\n              <div id=\"1691056094179-c5f1fc56-61c8\" class=\"ns-yt-youtube\" data-embed=\"C0NEfWCQEnE\">\r\n                  <div class=\"ns-yt-play-button\"><\/div>\r\n              <\/div>\r\n          <\/div>\r\n        <\/div>\r\n        <script>\r\n\r\n            ( function() {\r\n\r\n                var youtube = document.getElementById(\"1691056094179-c5f1fc56-61c8\");\r\n\r\n                var custom_thumb = 'https:\/\/www.niropro.si\/slir\/w640-h480-c640x480-p1\/wp-content\/uploads\/2023\/07\/slika-2-1024x353.jpg';\r\n\r\n                  let source = '';\r\n\r\n                  if (custom_thumb === '') {\r\n                    source = \"https:\/\/img.youtube.com\/vi\/\"+ youtube.dataset.embed +\"\/sddefault.jpg\";\r\n                  } else {\r\n                    source = \"https:\/\/www.niropro.si\/slir\/w640-h480-c640x480-p1\/wp-content\/uploads\/2023\/07\/slika-2-1024x353.jpg\";\r\n                  }\r\n                  \r\n\r\n                  var image = new Image();\r\n                          image.src = source;\r\n                          image.addEventListener( \"load\", function() {\r\n                              youtube.appendChild( image );\r\n                          } );\r\n                    \r\n                            var customFrame = document.getElementById(\"1691056094179-c5f1fc56-61c8\");\r\n\r\n                            youtube.addEventListener( \"click\", function() {\r\n\r\n                                var iframe = document.createElement( \"iframe\" );\r\n\r\n                                        iframe.setAttribute( \"frameborder\", \"0\" );\r\n                                        iframe.setAttribute( \"allowfullscreen\", \"\" );\r\n                                        iframe.setAttribute( \"allow\", \"autoplay\" );\r\n                                        iframe.setAttribute( \"src\", \"https:\/\/www.youtube.com\/embed\/\"+ this.dataset.embed +\"?rel=0&showinfo=0&autoplay=1\" );\r\n                                        \r\n                                        this.innerHTML = \"\";\r\n                                        this.appendChild( iframe );\r\n\r\n                                        customFrame.classList.add(\"noFrame\");\r\n\r\n                            } );\r\n                \r\n            } )();\r\n        <\/script>\r\n      \r\n        \r\n        [\/vc_column][vc_column width=&#8220;1\/2&#8243;]        <div class=\"\">\r\n          <div class=\"ns-yt-wrapper\">\r\n              <div id=\"1691056116136-42f19c20-a68d\" class=\"ns-yt-youtube\" data-embed=\"2L0o0GspOhg\">\r\n                  <div class=\"ns-yt-play-button\"><\/div>\r\n              <\/div>\r\n          <\/div>\r\n        <\/div>\r\n        <script>\r\n\r\n            ( function() {\r\n\r\n                var youtube = document.getElementById(\"1691056116136-42f19c20-a68d\");\r\n\r\n                var custom_thumb = '';\r\n\r\n                  let source = '';\r\n\r\n                  if (custom_thumb === '') {\r\n                    source = \"https:\/\/img.youtube.com\/vi\/\"+ youtube.dataset.embed +\"\/sddefault.jpg\";\r\n                  } else {\r\n                    source = \"\";\r\n                  }\r\n                  \r\n\r\n                  var image = new Image();\r\n                          image.src = source;\r\n                          image.addEventListener( \"load\", function() {\r\n                              youtube.appendChild( image );\r\n                          } );\r\n                    \r\n                            var customFrame = document.getElementById(\"1691056116136-42f19c20-a68d\");\r\n\r\n                            youtube.addEventListener( \"click\", function() {\r\n\r\n                                var iframe = document.createElement( \"iframe\" );\r\n\r\n                                        iframe.setAttribute( \"frameborder\", \"0\" );\r\n                                        iframe.setAttribute( \"allowfullscreen\", \"\" );\r\n                                        iframe.setAttribute( \"allow\", \"autoplay\" );\r\n                                        iframe.setAttribute( \"src\", \"https:\/\/www.youtube.com\/embed\/\"+ this.dataset.embed +\"?rel=0&showinfo=0&autoplay=1\" );\r\n                                        \r\n                                        this.innerHTML = \"\";\r\n                                        this.appendChild( iframe );\r\n\r\n                                        customFrame.classList.add(\"noFrame\");\r\n\r\n                            } );\r\n                \r\n            } )();\r\n        <\/script>\r\n      \r\n        \r\n        [\/vc_column][\/vc_row][vc_row][vc_column][vc_empty_space height=&#8220;80px&#8220;][\/vc_column][\/vc_row][vc_row full_width=&#8220;stretch_row&#8220; el_class=&#8220;gallery-row grey-row&#8220;][vc_column]\r\n\r\n                <div class=\"row galerija-row gal-1690270377727-8bd4ccf4-c630\" >\r\n          <div class=\"col-xl-3 col-lg-3 col-md-3 col-sm-6 col-12\"><a href=\"https:\/\/www.niropro.si\/wp-content\/uploads\/2023\/07\/las_gal_71.jpg\"><img decoding=\"async\" src=\"https:\/\/www.niropro.si\/slir\/w410-h260-c410x260\/wp-content\/uploads\/2023\/07\/las_gal_71.jpg\" \/><\/a><\/div><div class=\"col-xl-3 col-lg-3 col-md-3 col-sm-6 col-12\"><a href=\"https:\/\/www.niropro.si\/wp-content\/uploads\/2023\/07\/las_gal_31.jpg\"><img decoding=\"async\" src=\"https:\/\/www.niropro.si\/slir\/w410-h260-c410x260\/wp-content\/uploads\/2023\/07\/las_gal_31.jpg\" \/><\/a><\/div><div class=\"col-xl-3 col-lg-3 col-md-3 col-sm-6 col-12\"><a href=\"https:\/\/www.niropro.si\/wp-content\/uploads\/2023\/07\/las_gal_81-rotated.jpg\"><img decoding=\"async\" src=\"https:\/\/www.niropro.si\/slir\/w410-h260-c410x260\/wp-content\/uploads\/2023\/07\/las_gal_81-rotated.jpg\" \/><\/a><\/div><div class=\"col-xl-3 col-lg-3 col-md-3 col-sm-6 col-12\"><a href=\"https:\/\/www.niropro.si\/wp-content\/uploads\/2023\/07\/las_gal_21.jpg\"><img decoding=\"async\" src=\"https:\/\/www.niropro.si\/slir\/w410-h260-c410x260\/wp-content\/uploads\/2023\/07\/las_gal_21.jpg\" \/><\/a><\/div><div class=\"col-xl-3 col-lg-3 col-md-3 col-sm-6 col-12\"><a href=\"https:\/\/www.niropro.si\/wp-content\/uploads\/2023\/07\/las_gal_11.jpg\"><img decoding=\"async\" src=\"https:\/\/www.niropro.si\/slir\/w410-h260-c410x260\/wp-content\/uploads\/2023\/07\/las_gal_11.jpg\" \/><\/a><\/div><div class=\"col-xl-3 col-lg-3 col-md-3 col-sm-6 col-12\"><a href=\"https:\/\/www.niropro.si\/wp-content\/uploads\/2023\/07\/las_gal_91.jpg\"><img decoding=\"async\" src=\"https:\/\/www.niropro.si\/slir\/w410-h260-c410x260\/wp-content\/uploads\/2023\/07\/las_gal_91.jpg\" \/><\/a><\/div><div class=\"col-xl-3 col-lg-3 col-md-3 col-sm-6 col-12\"><a href=\"https:\/\/www.niropro.si\/wp-content\/uploads\/2023\/07\/img-0647-scaled1.jpg\"><img decoding=\"async\" src=\"https:\/\/www.niropro.si\/slir\/w410-h260-c410x260\/wp-content\/uploads\/2023\/07\/img-0647-scaled1.jpg\" \/><\/a><\/div>        <\/div>\r\n\r\n        <script>\r\n           jQuery( document ).ready(function($) {\r\n            $('.gal-1690270377727-8bd4ccf4-c630 a').simpleLightbox();\r\n           });\r\n        <\/script>\r\n\r\n            \r\n      [\/vc_column][\/vc_row][vc_row full_width=&#8220;stretch_row&#8220; el_class=&#8220;cta-row&#8220;][vc_column]        <div class=\"cta-block-container\">\r\n          <div class=\"row\">\r\n            <div class=\"col-xl-1\">\r\n            <\/div>\r\n            <div class=\"col-xl-7 col-md-8\">\r\n            <div class=\"txt-container\">\r\n            <strong>Haben Sie eine Frage oder Anregung?<\/strong> Nehmen Sie Kontakt mit uns auf.            <\/div>\r\n            <\/div>\r\n            <div class=\"col-xl-3 col-md-4\">\r\n            <a href=\"https:\/\/www.niropro.si\/de\/kontakt\/\" target=\"\" class=\"btn btn-lg btn-white\">\r\n             Kontaktiere uns            <\/a>\r\n            \r\n            <div class=\"col-xl-1\">\r\n            <\/div>\r\n          <\/div>\r\n          <\/div>\r\n        <\/div>\r\n\r\n      \r\n        \r\n        [\/vc_column][\/vc_row]<\/p>\n<\/section>","protected":false},"excerpt":{"rendered":"<p>[vc_row][vc_column][\/vc_column][\/vc_row][vc_row][vc_column offset=&#8220;vc_col-lg-6 vc_col-md-6&#8243;][vc_column_text]Laserschneiden \u2013 Der Laserstrahl entsteht in einem Resonator, der die teuerste und technologisch anspruchsvollste Baugruppe ist, und \u00fcber Spiegel und Linsen bis zum Werkst\u00fcck geleitet wird. Unmittelbar vor dem Werkst\u00fcck wird der Strahl fokussiert (verd\u00fcnnt sich bis auf einen Zehntel Millimeter) und hat eine hohe Energiedichte, die Materialien zum Schmelzen und sogar zum Verdampfen bringt.[\/vc_column_text][\/vc_column][vc_column offset=&#8220;vc_col-lg-6 vc_col-md-6&#8243;][vc_single_image image=&#8220;72&#8243;][\/vc_column][\/vc_row][vc_row][vc_column][vc_column_text]Das m\u00e4chtigste Werkzeug unserer Produktion ist neben dem starken und hartn\u00e4ckigen Willen der Arbeiter der Laser, dessen Technologie es m\u00f6glich macht, die gew\u00fcnschten Ergebnisse in viel k\u00fcrzerer Zeit zu erzielen, unabh\u00e4ngig von der Komplexit\u00e4t der bestellten Produkte. Er ist auch unverzichtbar f\u00fcr die Herstellung von gr\u00f6\u00dfere Chargen.[\/vc_column_text][\/vc_column][\/vc_row][vc_row][vc_column width=&#8220;1\/2&#8243;][vc_column_text] LVD ORION 3015 Technische Merkmale: Arbeitsfl\u00e4che: 3000 \u00d7 1500 mm Verschiebung der X-Achse: [&hellip;]<\/p>\n","protected":false},"author":1,"featured_media":320,"parent":0,"menu_order":0,"comment_status":"closed","ping_status":"closed","template":"","meta":{"footnotes":""},"class_list":["post-506","page","type-page","status-publish","has-post-thumbnail","hentry"],"yoast_head":"<!-- This site is optimized with the Yoast SEO plugin v20.11 - https:\/\/yoast.com\/wordpress\/plugins\/seo\/ -->\n<title>Laserschneiden - Niropro<\/title>\n<meta name=\"description\" content=\"Laserschneiden \u2013 Der Laserstrahl entsteht in einem Resonator, der die teuerste und technologisch anspruchsvollste Baugruppe ist, und \u00fcber Spiegel und Linsen bis zum Werkst\u00fcck geleitet wird. Unmittelbar vor dem Werkst\u00fcck\" \/>\n<meta name=\"robots\" content=\"index, follow, max-snippet:-1, max-image-preview:large, max-video-preview:-1\" \/>\n<link rel=\"canonical\" href=\"https:\/\/www.niropro.si\/de\/laserschneiden\/\" \/>\n<meta property=\"og:locale\" content=\"de_DE\" \/>\n<meta property=\"og:type\" content=\"article\" \/>\n<meta property=\"og:title\" content=\"Laserschneiden - Niropro\" \/>\n<meta property=\"og:description\" content=\"[vc_row][vc_column][\/vc_column][\/vc_row][vc_row][vc_column offset=&#8220;vc_col-lg-6 vc_col-md-6&#8243;][vc_column_text]Laserschneiden \u2013 Der Laserstrahl entsteht in einem Resonator, der die teuerste und technologisch anspruchsvollste Baugruppe ist, und \u00fcber Spiegel und Linsen bis zum Werkst\u00fcck geleitet wird. Unmittelbar vor dem Werkst\u00fcck wird der Strahl fokussiert (verd\u00fcnnt sich bis auf einen Zehntel Millimeter) und hat eine hohe Energiedichte, die Materialien zum Schmelzen und sogar zum Verdampfen bringt.[\/vc_column_text][\/vc_column][vc_column offset=&#8220;vc_col-lg-6 vc_col-md-6&#8243;][vc_single_image image=&#8220;72&#8243;][\/vc_column][\/vc_row][vc_row][vc_column][vc_column_text]Das m\u00e4chtigste Werkzeug unserer Produktion ist neben dem starken und hartn\u00e4ckigen Willen der Arbeiter der Laser, dessen Technologie es m\u00f6glich macht, die gew\u00fcnschten Ergebnisse in viel k\u00fcrzerer Zeit zu erzielen, unabh\u00e4ngig von der Komplexit\u00e4t der bestellten Produkte. Er ist auch unverzichtbar f\u00fcr die Herstellung von gr\u00f6\u00dfere Chargen.[\/vc_column_text][\/vc_column][\/vc_row][vc_row][vc_column width=&#8220;1\/2&#8243;][vc_column_text] LVD ORION 3015 Technische Merkmale: Arbeitsfl\u00e4che: 3000 \u00d7 1500 mm Verschiebung der X-Achse: [&hellip;]\" \/>\n<meta property=\"og:url\" content=\"https:\/\/www.niropro.si\/de\/laserschneiden\/\" \/>\n<meta property=\"og:site_name\" content=\"Niropro\" \/>\n<meta property=\"article:modified_time\" content=\"2023-08-04T11:04:16+00:00\" \/>\n<meta property=\"og:image\" content=\"https:\/\/www.niropro.si\/wp-content\/uploads\/2023\/07\/slika-2.jpg\" \/>\n\t<meta property=\"og:image:width\" content=\"1160\" \/>\n\t<meta property=\"og:image:height\" content=\"400\" \/>\n\t<meta property=\"og:image:type\" content=\"image\/jpeg\" \/>\n<meta name=\"twitter:card\" content=\"summary_large_image\" \/>\n<meta name=\"twitter:label1\" content=\"Gesch\u00e4tzte Lesezeit\" \/>\n\t<meta name=\"twitter:data1\" content=\"2\u00a0Minuten\" \/>\n<script type=\"application\/ld+json\" class=\"yoast-schema-graph\">{\"@context\":\"https:\/\/schema.org\",\"@graph\":[{\"@type\":\"WebPage\",\"@id\":\"https:\/\/www.niropro.si\/de\/laserschneiden\/\",\"url\":\"https:\/\/www.niropro.si\/de\/laserschneiden\/\",\"name\":\"Laserschneiden - Niropro\",\"isPartOf\":{\"@id\":\"https:\/\/www.niropro.si\/de\/#website\"},\"datePublished\":\"2023-07-13T10:49:03+00:00\",\"dateModified\":\"2023-08-04T11:04:16+00:00\",\"breadcrumb\":{\"@id\":\"https:\/\/www.niropro.si\/de\/laserschneiden\/#breadcrumb\"},\"inLanguage\":\"de\",\"potentialAction\":[{\"@type\":\"ReadAction\",\"target\":[\"https:\/\/www.niropro.si\/de\/laserschneiden\/\"]}]},{\"@type\":\"BreadcrumbList\",\"@id\":\"https:\/\/www.niropro.si\/de\/laserschneiden\/#breadcrumb\",\"itemListElement\":[{\"@type\":\"ListItem\",\"position\":1,\"name\":\"Startseite\",\"item\":\"https:\/\/www.niropro.si\/de\/\"},{\"@type\":\"ListItem\",\"position\":2,\"name\":\"Laserschneiden\"}]},{\"@type\":\"WebSite\",\"@id\":\"https:\/\/www.niropro.si\/de\/#website\",\"url\":\"https:\/\/www.niropro.si\/de\/\",\"name\":\"Niropro\",\"description\":\"\",\"potentialAction\":[{\"@type\":\"SearchAction\",\"target\":{\"@type\":\"EntryPoint\",\"urlTemplate\":\"https:\/\/www.niropro.si\/de\/?s={search_term_string}\"},\"query-input\":\"required name=search_term_string\"}],\"inLanguage\":\"de\"}]}<\/script>\n<!-- \/ Yoast SEO plugin. -->","yoast_head_json":{"title":"Laserschneiden - Niropro","description":"Laserschneiden \u2013 Der Laserstrahl entsteht in einem Resonator, der die teuerste und technologisch anspruchsvollste Baugruppe ist, und \u00fcber Spiegel und Linsen bis zum Werkst\u00fcck geleitet wird. Unmittelbar vor dem Werkst\u00fcck","robots":{"index":"index","follow":"follow","max-snippet":"max-snippet:-1","max-image-preview":"max-image-preview:large","max-video-preview":"max-video-preview:-1"},"canonical":"https:\/\/www.niropro.si\/de\/laserschneiden\/","og_locale":"de_DE","og_type":"article","og_title":"Laserschneiden - Niropro","og_description":"[vc_row][vc_column][\/vc_column][\/vc_row][vc_row][vc_column offset=&#8220;vc_col-lg-6 vc_col-md-6&#8243;][vc_column_text]Laserschneiden \u2013 Der Laserstrahl entsteht in einem Resonator, der die teuerste und technologisch anspruchsvollste Baugruppe ist, und \u00fcber Spiegel und Linsen bis zum Werkst\u00fcck geleitet wird. Unmittelbar vor dem Werkst\u00fcck wird der Strahl fokussiert (verd\u00fcnnt sich bis auf einen Zehntel Millimeter) und hat eine hohe Energiedichte, die Materialien zum Schmelzen und sogar zum Verdampfen bringt.[\/vc_column_text][\/vc_column][vc_column offset=&#8220;vc_col-lg-6 vc_col-md-6&#8243;][vc_single_image image=&#8220;72&#8243;][\/vc_column][\/vc_row][vc_row][vc_column][vc_column_text]Das m\u00e4chtigste Werkzeug unserer Produktion ist neben dem starken und hartn\u00e4ckigen Willen der Arbeiter der Laser, dessen Technologie es m\u00f6glich macht, die gew\u00fcnschten Ergebnisse in viel k\u00fcrzerer Zeit zu erzielen, unabh\u00e4ngig von der Komplexit\u00e4t der bestellten Produkte. Er ist auch unverzichtbar f\u00fcr die Herstellung von gr\u00f6\u00dfere Chargen.[\/vc_column_text][\/vc_column][\/vc_row][vc_row][vc_column width=&#8220;1\/2&#8243;][vc_column_text] LVD ORION 3015 Technische Merkmale: Arbeitsfl\u00e4che: 3000 \u00d7 1500 mm Verschiebung der X-Achse: [&hellip;]","og_url":"https:\/\/www.niropro.si\/de\/laserschneiden\/","og_site_name":"Niropro","article_modified_time":"2023-08-04T11:04:16+00:00","og_image":[{"width":1160,"height":400,"url":"https:\/\/www.niropro.si\/wp-content\/uploads\/2023\/07\/slika-2.jpg","type":"image\/jpeg"}],"twitter_card":"summary_large_image","twitter_misc":{"Gesch\u00e4tzte Lesezeit":"2\u00a0Minuten"},"schema":{"@context":"https:\/\/schema.org","@graph":[{"@type":"WebPage","@id":"https:\/\/www.niropro.si\/de\/laserschneiden\/","url":"https:\/\/www.niropro.si\/de\/laserschneiden\/","name":"Laserschneiden - Niropro","isPartOf":{"@id":"https:\/\/www.niropro.si\/de\/#website"},"datePublished":"2023-07-13T10:49:03+00:00","dateModified":"2023-08-04T11:04:16+00:00","breadcrumb":{"@id":"https:\/\/www.niropro.si\/de\/laserschneiden\/#breadcrumb"},"inLanguage":"de","potentialAction":[{"@type":"ReadAction","target":["https:\/\/www.niropro.si\/de\/laserschneiden\/"]}]},{"@type":"BreadcrumbList","@id":"https:\/\/www.niropro.si\/de\/laserschneiden\/#breadcrumb","itemListElement":[{"@type":"ListItem","position":1,"name":"Startseite","item":"https:\/\/www.niropro.si\/de\/"},{"@type":"ListItem","position":2,"name":"Laserschneiden"}]},{"@type":"WebSite","@id":"https:\/\/www.niropro.si\/de\/#website","url":"https:\/\/www.niropro.si\/de\/","name":"Niropro","description":"","potentialAction":[{"@type":"SearchAction","target":{"@type":"EntryPoint","urlTemplate":"https:\/\/www.niropro.si\/de\/?s={search_term_string}"},"query-input":"required name=search_term_string"}],"inLanguage":"de"}]}},"_links":{"self":[{"href":"https:\/\/www.niropro.si\/de\/wp-json\/wp\/v2\/pages\/506","targetHints":{"allow":["GET"]}}],"collection":[{"href":"https:\/\/www.niropro.si\/de\/wp-json\/wp\/v2\/pages"}],"about":[{"href":"https:\/\/www.niropro.si\/de\/wp-json\/wp\/v2\/types\/page"}],"author":[{"embeddable":true,"href":"https:\/\/www.niropro.si\/de\/wp-json\/wp\/v2\/users\/1"}],"replies":[{"embeddable":true,"href":"https:\/\/www.niropro.si\/de\/wp-json\/wp\/v2\/comments?post=506"}],"version-history":[{"count":0,"href":"https:\/\/www.niropro.si\/de\/wp-json\/wp\/v2\/pages\/506\/revisions"}],"wp:featuredmedia":[{"embeddable":true,"href":"https:\/\/www.niropro.si\/de\/wp-json\/wp\/v2\/media\/320"}],"wp:attachment":[{"href":"https:\/\/www.niropro.si\/de\/wp-json\/wp\/v2\/media?parent=506"}],"curies":[{"name":"wp","href":"https:\/\/api.w.org\/{rel}","templated":true}]}}