{"id":498,"date":"2023-07-13T11:49:42","date_gmt":"2023-07-13T10:49:42","guid":{"rendered":"https:\/\/www.niropro.si\/povrsinska-obdelava\/"},"modified":"2023-08-04T10:08:08","modified_gmt":"2023-08-04T09:08:08","slug":"oberflaechenbehandlung","status":"publish","type":"page","link":"https:\/\/www.niropro.si\/de\/oberflaechenbehandlung\/","title":{"rendered":"Oberfl\u00e4chenbehandlung"},"content":{"rendered":"<section class=\"wpb-content-wrapper\"><p>[vc_row][vc_column]        \r\n        <div class=\"title-banner\">\r\n          <div class=\"breadcrumbs-container\">\r\n            <div class=\"breadcrumbs\">\r\n              <p id=\"breadcrumbs\"><span><span><a href=\"https:\/\/www.niropro.si\/de\/\">Startseite<\/a><\/span><\/span><\/p>            <div class=\"clearfix\"><\/div>\r\n            <\/div>\r\n          <\/div>\r\n\r\n          <div class=\"title-banner-image-container\" style=\"background-image: url('https:\/\/www.niropro.si\/wp-content\/themes\/ns-template\/img\/page_title_back.jpg');\">\r\n                          <h1>Oberfl\u00e4chenbehandlung<\/h1>\r\n                      <\/div>\r\n               \r\n        <\/div>\r\n        \r\n        [\/vc_column][\/vc_row][vc_row][vc_column offset=&#8220;vc_col-lg-6 vc_col-md-6&#8243;][vc_column_text]F\u00fcr die Oberfl\u00e4chenbehandlung unserer Produkte wenden wir die Methode des <strong>Elektropolierens<\/strong>, <strong>Galvanisierens<\/strong>, <strong>Sandstrahlens<\/strong> und <strong>Pulverbeschichtens<\/strong> (Kooperationspartner) an.<\/p>\n<p><strong>Elektropolieren<\/strong> ist das elektrochemische Verfahren zum Polieren von Metalloberfl\u00e4chen. Damit entfernen wir mikroskopisch kleine Mengen von Material vom Werkst\u00fcck, die Oberfl\u00e4che gleicht sich aus und wir erhalten einen hohen Glanz der Oberfl\u00e4che des Werkst\u00fccks. Das elektropolierte Produkt hat einen sch\u00f6nen Glanz und die Oberfl\u00e4che ist korrosionsbest\u00e4ndig.<\/p>\n<p><strong>Die Galvanisierung<\/strong> ist eine der effizientesten, umweltfreundlichsten und langfristig wirksamsten Korrosionsschutzmethode. Beim Verzinken von Stahl in hei\u00dfer metallurgischen Zinkschmelze kommt es zur Verbindung von Zink und Stahl, wobei eine sch\u00fctzende Oxidschicht entsteht.[\/vc_column_text][\/vc_column][vc_column offset=&#8220;vc_col-lg-6 vc_col-md-6&#8243;][vc_single_image image=&#8220;76&#8243; img_size=&#8220;630&#215;400&#8243;][\/vc_column][\/vc_row][vc_row][vc_column][vc_column_text]<strong>Glasperlenstrahlen<\/strong> ist ein Verfahren zur Reinigung von Oberfl\u00e4chen mit Glasperlen, die auf Oberfl\u00e4chen unter hohem Luftdruck und mit hoher Geschwindigkeit aufgetragen werden, weshalb das Strahlen ein Prozess ist, bei dem die hartn\u00e4ckigsten Verunreinigungen vollst\u00e4ndig entfernt werden. Durch Sandstrahlen bereiten wir auch Blech f\u00fcr die weitere Verarbeitung vor, z. B. f\u00fcr die Lackierung.<\/p>\n<p><strong>Wir verwenden zwei Strahlkammern:<\/strong>[\/vc_column_text][\/vc_column][\/vc_row][vc_row][vc_column offset=&#8220;vc_col-lg-6 vc_col-md-6&#8243;][vc_column_text]<\/p>\n<h3>CAB-135 S<\/h3>\n<h4>Technische Merkmale:<\/h4>\n<p><strong>Innenma\u00dfe L \u00d7 B \u00d7 H:<\/strong> 1350 \u00d7 1100 \u00d7 1070 mm<br \/>\n<strong>Au\u00dfenma\u00dfe L \u00d7 B \u00d7 H:<\/strong> 1470 \u00d7 1700 \u00d7 2140 mm<br \/>\n<strong>T\u00fcrgr\u00f6\u00dfe B \u00d7 H:<\/strong> 990 \u00d7 1000 mm<br \/>\n<strong>Filter Typ DC:<\/strong> DC-750<br \/>\n<strong>Zyklon-Typ:<\/strong> R-400<br \/>\n<strong>Filteroberfl\u00e4che:<\/strong> 20 m\u00b2<br \/>\n<strong>Elektroanschluss:<\/strong> 0,75 kW, 380 V[\/vc_column_text][\/vc_column][vc_column offset=&#8220;vc_col-lg-6 vc_col-md-6&#8243;][vc_column_text]<\/p>\n<h3>CAB-110 S<\/h3>\n<h4>Technische Merkmale:<\/h4>\n<p><strong>Innenma\u00dfe L \u00d7 B \u00d7 H:<\/strong> 1100 \u00d7 800 \u00d7 740 mm<br \/>\n<strong>Au\u00dfenma\u00dfe L \u00d7 B \u00d7 H:<\/strong> 1340 \u00d7 1220 \u00d7 1990 mm<br \/>\n<strong>T\u00fcrgr\u00f6\u00dfe B \u00d7 H:<\/strong> 690 \u00d7 640 mm<br \/>\n<strong>Filter Typ DC:<\/strong> DC-550<br \/>\n<strong>Zyklon-Typ:<\/strong> R-350<br \/>\n<strong>Filteroberfl\u00e4che:<\/strong> 20 m\u00b2<br \/>\n<strong>Elektroanschluss:<\/strong> 0,55 kW, 380 V[\/vc_column_text][\/vc_column][\/vc_row][vc_row][vc_column][vc_empty_space height=&#8220;80px&#8220;][\/vc_column][\/vc_row][vc_row full_width=&#8220;stretch_row&#8220; el_class=&#8220;gallery-row grey-row&#8220;][vc_column]\r\n\r\n                <div class=\"row galerija-row gal-1690270377727-8bd4ccf4-c630\" >\r\n          <div class=\"col-xl-3 col-lg-3 col-md-3 col-sm-6 col-12\"><a href=\"https:\/\/www.niropro.si\/wp-content\/uploads\/2023\/07\/peskalnik-11.jpg\"><img decoding=\"async\" src=\"https:\/\/www.niropro.si\/slir\/w410-h260-c410x260\/wp-content\/uploads\/2023\/07\/peskalnik-11.jpg\" \/><\/a><\/div><div class=\"col-xl-3 col-lg-3 col-md-3 col-sm-6 col-12\"><a href=\"https:\/\/www.niropro.si\/wp-content\/uploads\/2023\/07\/pesk_gal_11.jpg\"><img decoding=\"async\" src=\"https:\/\/www.niropro.si\/slir\/w410-h260-c410x260\/wp-content\/uploads\/2023\/07\/pesk_gal_11.jpg\" \/><\/a><\/div><div class=\"col-xl-3 col-lg-3 col-md-3 col-sm-6 col-12\"><a href=\"https:\/\/www.niropro.si\/wp-content\/uploads\/2023\/07\/gal331.jpg\"><img decoding=\"async\" src=\"https:\/\/www.niropro.si\/slir\/w410-h260-c410x260\/wp-content\/uploads\/2023\/07\/gal331.jpg\" \/><\/a><\/div><div class=\"col-xl-3 col-lg-3 col-md-3 col-sm-6 col-12\"><a href=\"https:\/\/www.niropro.si\/wp-content\/uploads\/2023\/07\/pesk_gal_21.jpg\"><img decoding=\"async\" src=\"https:\/\/www.niropro.si\/slir\/w410-h260-c410x260\/wp-content\/uploads\/2023\/07\/pesk_gal_21.jpg\" \/><\/a><\/div><div class=\"col-xl-3 col-lg-3 col-md-3 col-sm-6 col-12\"><a href=\"https:\/\/www.niropro.si\/wp-content\/uploads\/2023\/07\/peskalni-21.png\"><img decoding=\"async\" src=\"https:\/\/www.niropro.si\/slir\/w410-h260-c410x260\/wp-content\/uploads\/2023\/07\/peskalni-21.png\" \/><\/a><\/div><div class=\"col-xl-3 col-lg-3 col-md-3 col-sm-6 col-12\"><a href=\"https:\/\/www.niropro.si\/wp-content\/uploads\/2023\/07\/pesk_gal_31.jpg\"><img decoding=\"async\" src=\"https:\/\/www.niropro.si\/slir\/w410-h260-c410x260\/wp-content\/uploads\/2023\/07\/pesk_gal_31.jpg\" \/><\/a><\/div><div class=\"col-xl-3 col-lg-3 col-md-3 col-sm-6 col-12\"><a href=\"https:\/\/www.niropro.si\/wp-content\/uploads\/2023\/07\/pesk_gal_41.jpg\"><img decoding=\"async\" src=\"https:\/\/www.niropro.si\/slir\/w410-h260-c410x260\/wp-content\/uploads\/2023\/07\/pesk_gal_41.jpg\" \/><\/a><\/div><div class=\"col-xl-3 col-lg-3 col-md-3 col-sm-6 col-12\"><a href=\"https:\/\/www.niropro.si\/wp-content\/uploads\/2023\/07\/pesk_gal_51.jpg\"><img decoding=\"async\" src=\"https:\/\/www.niropro.si\/slir\/w410-h260-c410x260\/wp-content\/uploads\/2023\/07\/pesk_gal_51.jpg\" \/><\/a><\/div><div class=\"col-xl-3 col-lg-3 col-md-3 col-sm-6 col-12\"><a href=\"https:\/\/www.niropro.si\/wp-content\/uploads\/2023\/07\/gal231.jpg\"><img decoding=\"async\" src=\"https:\/\/www.niropro.si\/slir\/w410-h260-c410x260\/wp-content\/uploads\/2023\/07\/gal231.jpg\" \/><\/a><\/div><div class=\"col-xl-3 col-lg-3 col-md-3 col-sm-6 col-12\"><a href=\"https:\/\/www.niropro.si\/wp-content\/uploads\/2023\/07\/gal201.jpg\"><img decoding=\"async\" src=\"https:\/\/www.niropro.si\/slir\/w410-h260-c410x260\/wp-content\/uploads\/2023\/07\/gal201.jpg\" \/><\/a><\/div><div class=\"col-xl-3 col-lg-3 col-md-3 col-sm-6 col-12\"><a href=\"https:\/\/www.niropro.si\/wp-content\/uploads\/2023\/07\/pesk_gal_61.jpg\"><img decoding=\"async\" src=\"https:\/\/www.niropro.si\/slir\/w410-h260-c410x260\/wp-content\/uploads\/2023\/07\/pesk_gal_61.jpg\" \/><\/a><\/div><div class=\"col-xl-3 col-lg-3 col-md-3 col-sm-6 col-12\"><a href=\"https:\/\/www.niropro.si\/wp-content\/uploads\/2023\/07\/pesk_gal_71.jpg\"><img decoding=\"async\" src=\"https:\/\/www.niropro.si\/slir\/w410-h260-c410x260\/wp-content\/uploads\/2023\/07\/pesk_gal_71.jpg\" \/><\/a><\/div>        <\/div>\r\n\r\n        <script>\r\n           jQuery( document ).ready(function($) {\r\n            $('.gal-1690270377727-8bd4ccf4-c630 a').simpleLightbox();\r\n           });\r\n        <\/script>\r\n\r\n            \r\n      [\/vc_column][\/vc_row][vc_row full_width=&#8220;stretch_row&#8220; el_class=&#8220;cta-row&#8220;][vc_column]        <div class=\"cta-block-container\">\r\n          <div class=\"row\">\r\n            <div class=\"col-xl-1\">\r\n            <\/div>\r\n            <div class=\"col-xl-7 col-md-8\">\r\n            <div class=\"txt-container\">\r\n            <strong>Haben Sie eine Frage oder Anregung?<\/strong> Nehmen Sie Kontakt mit uns auf.            <\/div>\r\n            <\/div>\r\n            <div class=\"col-xl-3 col-md-4\">\r\n            <a href=\"https:\/\/www.niropro.si\/de\/kontakt\/\" target=\"\" class=\"btn btn-lg btn-white\">\r\n             Kontaktiere uns            <\/a>\r\n            \r\n            <div class=\"col-xl-1\">\r\n            <\/div>\r\n          <\/div>\r\n          <\/div>\r\n        <\/div>\r\n\r\n      \r\n        \r\n        [\/vc_column][\/vc_row]<\/p>\n<\/section>","protected":false},"excerpt":{"rendered":"<p>[vc_row][vc_column][\/vc_column][\/vc_row][vc_row][vc_column offset=&#8220;vc_col-lg-6 vc_col-md-6&#8243;][vc_column_text]F\u00fcr die Oberfl\u00e4chenbehandlung unserer Produkte wenden wir die Methode des Elektropolierens, Galvanisierens, Sandstrahlens und Pulverbeschichtens (Kooperationspartner) an. Elektropolieren ist das elektrochemische Verfahren zum Polieren von Metalloberfl\u00e4chen. Damit entfernen wir mikroskopisch kleine Mengen von Material vom Werkst\u00fcck, die Oberfl\u00e4che gleicht sich aus und wir erhalten einen hohen Glanz der Oberfl\u00e4che des Werkst\u00fccks. Das elektropolierte Produkt hat einen sch\u00f6nen Glanz und die Oberfl\u00e4che ist korrosionsbest\u00e4ndig. Die Galvanisierung ist eine der effizientesten, umweltfreundlichsten und langfristig wirksamsten Korrosionsschutzmethode. Beim Verzinken von Stahl in hei\u00dfer metallurgischen Zinkschmelze kommt es zur Verbindung von Zink und Stahl, wobei eine sch\u00fctzende Oxidschicht entsteht.[\/vc_column_text][\/vc_column][vc_column offset=&#8220;vc_col-lg-6 vc_col-md-6&#8243;][vc_single_image image=&#8220;76&#8243; img_size=&#8220;630&#215;400&#8243;][\/vc_column][\/vc_row][vc_row][vc_column][vc_column_text]Glasperlenstrahlen ist ein Verfahren zur Reinigung von Oberfl\u00e4chen mit Glasperlen, die auf Oberfl\u00e4chen unter hohem Luftdruck und mit hoher Geschwindigkeit [&hellip;]<\/p>\n","protected":false},"author":1,"featured_media":328,"parent":0,"menu_order":0,"comment_status":"closed","ping_status":"closed","template":"","meta":{"footnotes":""},"class_list":["post-498","page","type-page","status-publish","has-post-thumbnail","hentry"],"yoast_head":"<!-- This site is optimized with the Yoast SEO plugin v20.11 - https:\/\/yoast.com\/wordpress\/plugins\/seo\/ -->\n<title>Oberfl\u00e4chenbehandlung - Niropro<\/title>\n<meta name=\"description\" content=\"F\u00fcr die Oberfl\u00e4chenbehandlung unserer Produkte wenden wir die Methode des Elektropolierens, Galvanisierens, Sandstrahlens und Pulverbeschichtens (Kooperationspartner) an. Elektropolieren ist das elektrochemische Verfahren zum Polieren von Metalloberfl\u00e4chen. Damit entfernen wir mikroskopisch\" \/>\n<meta name=\"robots\" content=\"index, follow, max-snippet:-1, max-image-preview:large, max-video-preview:-1\" \/>\n<link rel=\"canonical\" href=\"https:\/\/www.niropro.si\/de\/oberflaechenbehandlung\/\" \/>\n<meta property=\"og:locale\" content=\"de_DE\" \/>\n<meta property=\"og:type\" content=\"article\" \/>\n<meta property=\"og:title\" content=\"Oberfl\u00e4chenbehandlung - Niropro\" \/>\n<meta property=\"og:description\" content=\"[vc_row][vc_column][\/vc_column][\/vc_row][vc_row][vc_column offset=&#8220;vc_col-lg-6 vc_col-md-6&#8243;][vc_column_text]F\u00fcr die Oberfl\u00e4chenbehandlung unserer Produkte wenden wir die Methode des Elektropolierens, Galvanisierens, Sandstrahlens und Pulverbeschichtens (Kooperationspartner) an. Elektropolieren ist das elektrochemische Verfahren zum Polieren von Metalloberfl\u00e4chen. Damit entfernen wir mikroskopisch kleine Mengen von Material vom Werkst\u00fcck, die Oberfl\u00e4che gleicht sich aus und wir erhalten einen hohen Glanz der Oberfl\u00e4che des Werkst\u00fccks. Das elektropolierte Produkt hat einen sch\u00f6nen Glanz und die Oberfl\u00e4che ist korrosionsbest\u00e4ndig. Die Galvanisierung ist eine der effizientesten, umweltfreundlichsten und langfristig wirksamsten Korrosionsschutzmethode. Beim Verzinken von Stahl in hei\u00dfer metallurgischen Zinkschmelze kommt es zur Verbindung von Zink und Stahl, wobei eine sch\u00fctzende Oxidschicht entsteht.[\/vc_column_text][\/vc_column][vc_column offset=&#8220;vc_col-lg-6 vc_col-md-6&#8243;][vc_single_image image=&#8220;76&#8243; img_size=&#8220;630&#215;400&#8243;][\/vc_column][\/vc_row][vc_row][vc_column][vc_column_text]Glasperlenstrahlen ist ein Verfahren zur Reinigung von Oberfl\u00e4chen mit Glasperlen, die auf Oberfl\u00e4chen unter hohem Luftdruck und mit hoher Geschwindigkeit [&hellip;]\" \/>\n<meta property=\"og:url\" content=\"https:\/\/www.niropro.si\/de\/oberflaechenbehandlung\/\" \/>\n<meta property=\"og:site_name\" content=\"Niropro\" \/>\n<meta property=\"article:modified_time\" content=\"2023-08-04T09:08:08+00:00\" \/>\n<meta property=\"og:image\" content=\"https:\/\/www.niropro.si\/wp-content\/uploads\/2023\/07\/slika-6.jpg\" \/>\n\t<meta property=\"og:image:width\" content=\"1160\" \/>\n\t<meta property=\"og:image:height\" content=\"400\" \/>\n\t<meta property=\"og:image:type\" content=\"image\/jpeg\" \/>\n<meta name=\"twitter:card\" content=\"summary_large_image\" \/>\n<meta name=\"twitter:label1\" content=\"Gesch\u00e4tzte Lesezeit\" \/>\n\t<meta name=\"twitter:data1\" content=\"2\u00a0Minuten\" \/>\n<script type=\"application\/ld+json\" class=\"yoast-schema-graph\">{\"@context\":\"https:\/\/schema.org\",\"@graph\":[{\"@type\":\"WebPage\",\"@id\":\"https:\/\/www.niropro.si\/de\/oberflaechenbehandlung\/\",\"url\":\"https:\/\/www.niropro.si\/de\/oberflaechenbehandlung\/\",\"name\":\"Oberfl\u00e4chenbehandlung - Niropro\",\"isPartOf\":{\"@id\":\"https:\/\/www.niropro.si\/de\/#website\"},\"datePublished\":\"2023-07-13T10:49:42+00:00\",\"dateModified\":\"2023-08-04T09:08:08+00:00\",\"breadcrumb\":{\"@id\":\"https:\/\/www.niropro.si\/de\/oberflaechenbehandlung\/#breadcrumb\"},\"inLanguage\":\"de\",\"potentialAction\":[{\"@type\":\"ReadAction\",\"target\":[\"https:\/\/www.niropro.si\/de\/oberflaechenbehandlung\/\"]}]},{\"@type\":\"BreadcrumbList\",\"@id\":\"https:\/\/www.niropro.si\/de\/oberflaechenbehandlung\/#breadcrumb\",\"itemListElement\":[{\"@type\":\"ListItem\",\"position\":1,\"name\":\"Startseite\",\"item\":\"https:\/\/www.niropro.si\/de\/\"},{\"@type\":\"ListItem\",\"position\":2,\"name\":\"Oberfl\u00e4chenbehandlung\"}]},{\"@type\":\"WebSite\",\"@id\":\"https:\/\/www.niropro.si\/de\/#website\",\"url\":\"https:\/\/www.niropro.si\/de\/\",\"name\":\"Niropro\",\"description\":\"\",\"potentialAction\":[{\"@type\":\"SearchAction\",\"target\":{\"@type\":\"EntryPoint\",\"urlTemplate\":\"https:\/\/www.niropro.si\/de\/?s={search_term_string}\"},\"query-input\":\"required name=search_term_string\"}],\"inLanguage\":\"de\"}]}<\/script>\n<!-- \/ Yoast SEO plugin. -->","yoast_head_json":{"title":"Oberfl\u00e4chenbehandlung - Niropro","description":"F\u00fcr die Oberfl\u00e4chenbehandlung unserer Produkte wenden wir die Methode des Elektropolierens, Galvanisierens, Sandstrahlens und Pulverbeschichtens (Kooperationspartner) an. Elektropolieren ist das elektrochemische Verfahren zum Polieren von Metalloberfl\u00e4chen. Damit entfernen wir mikroskopisch","robots":{"index":"index","follow":"follow","max-snippet":"max-snippet:-1","max-image-preview":"max-image-preview:large","max-video-preview":"max-video-preview:-1"},"canonical":"https:\/\/www.niropro.si\/de\/oberflaechenbehandlung\/","og_locale":"de_DE","og_type":"article","og_title":"Oberfl\u00e4chenbehandlung - Niropro","og_description":"[vc_row][vc_column][\/vc_column][\/vc_row][vc_row][vc_column offset=&#8220;vc_col-lg-6 vc_col-md-6&#8243;][vc_column_text]F\u00fcr die Oberfl\u00e4chenbehandlung unserer Produkte wenden wir die Methode des Elektropolierens, Galvanisierens, Sandstrahlens und Pulverbeschichtens (Kooperationspartner) an. Elektropolieren ist das elektrochemische Verfahren zum Polieren von Metalloberfl\u00e4chen. Damit entfernen wir mikroskopisch kleine Mengen von Material vom Werkst\u00fcck, die Oberfl\u00e4che gleicht sich aus und wir erhalten einen hohen Glanz der Oberfl\u00e4che des Werkst\u00fccks. Das elektropolierte Produkt hat einen sch\u00f6nen Glanz und die Oberfl\u00e4che ist korrosionsbest\u00e4ndig. Die Galvanisierung ist eine der effizientesten, umweltfreundlichsten und langfristig wirksamsten Korrosionsschutzmethode. Beim Verzinken von Stahl in hei\u00dfer metallurgischen Zinkschmelze kommt es zur Verbindung von Zink und Stahl, wobei eine sch\u00fctzende Oxidschicht entsteht.[\/vc_column_text][\/vc_column][vc_column offset=&#8220;vc_col-lg-6 vc_col-md-6&#8243;][vc_single_image image=&#8220;76&#8243; img_size=&#8220;630&#215;400&#8243;][\/vc_column][\/vc_row][vc_row][vc_column][vc_column_text]Glasperlenstrahlen ist ein Verfahren zur Reinigung von Oberfl\u00e4chen mit Glasperlen, die auf Oberfl\u00e4chen unter hohem Luftdruck und mit hoher Geschwindigkeit [&hellip;]","og_url":"https:\/\/www.niropro.si\/de\/oberflaechenbehandlung\/","og_site_name":"Niropro","article_modified_time":"2023-08-04T09:08:08+00:00","og_image":[{"width":1160,"height":400,"url":"https:\/\/www.niropro.si\/wp-content\/uploads\/2023\/07\/slika-6.jpg","type":"image\/jpeg"}],"twitter_card":"summary_large_image","twitter_misc":{"Gesch\u00e4tzte Lesezeit":"2\u00a0Minuten"},"schema":{"@context":"https:\/\/schema.org","@graph":[{"@type":"WebPage","@id":"https:\/\/www.niropro.si\/de\/oberflaechenbehandlung\/","url":"https:\/\/www.niropro.si\/de\/oberflaechenbehandlung\/","name":"Oberfl\u00e4chenbehandlung - Niropro","isPartOf":{"@id":"https:\/\/www.niropro.si\/de\/#website"},"datePublished":"2023-07-13T10:49:42+00:00","dateModified":"2023-08-04T09:08:08+00:00","breadcrumb":{"@id":"https:\/\/www.niropro.si\/de\/oberflaechenbehandlung\/#breadcrumb"},"inLanguage":"de","potentialAction":[{"@type":"ReadAction","target":["https:\/\/www.niropro.si\/de\/oberflaechenbehandlung\/"]}]},{"@type":"BreadcrumbList","@id":"https:\/\/www.niropro.si\/de\/oberflaechenbehandlung\/#breadcrumb","itemListElement":[{"@type":"ListItem","position":1,"name":"Startseite","item":"https:\/\/www.niropro.si\/de\/"},{"@type":"ListItem","position":2,"name":"Oberfl\u00e4chenbehandlung"}]},{"@type":"WebSite","@id":"https:\/\/www.niropro.si\/de\/#website","url":"https:\/\/www.niropro.si\/de\/","name":"Niropro","description":"","potentialAction":[{"@type":"SearchAction","target":{"@type":"EntryPoint","urlTemplate":"https:\/\/www.niropro.si\/de\/?s={search_term_string}"},"query-input":"required name=search_term_string"}],"inLanguage":"de"}]}},"_links":{"self":[{"href":"https:\/\/www.niropro.si\/de\/wp-json\/wp\/v2\/pages\/498","targetHints":{"allow":["GET"]}}],"collection":[{"href":"https:\/\/www.niropro.si\/de\/wp-json\/wp\/v2\/pages"}],"about":[{"href":"https:\/\/www.niropro.si\/de\/wp-json\/wp\/v2\/types\/page"}],"author":[{"embeddable":true,"href":"https:\/\/www.niropro.si\/de\/wp-json\/wp\/v2\/users\/1"}],"replies":[{"embeddable":true,"href":"https:\/\/www.niropro.si\/de\/wp-json\/wp\/v2\/comments?post=498"}],"version-history":[{"count":0,"href":"https:\/\/www.niropro.si\/de\/wp-json\/wp\/v2\/pages\/498\/revisions"}],"wp:featuredmedia":[{"embeddable":true,"href":"https:\/\/www.niropro.si\/de\/wp-json\/wp\/v2\/media\/328"}],"wp:attachment":[{"href":"https:\/\/www.niropro.si\/de\/wp-json\/wp\/v2\/media?parent=498"}],"curies":[{"name":"wp","href":"https:\/\/api.w.org\/{rel}","templated":true}]}}