{"id":492,"date":"2023-07-13T11:51:26","date_gmt":"2023-07-13T10:51:26","guid":{"rendered":"https:\/\/www.niropro.si\/varjenje-in-vtiskovanje-matic\/"},"modified":"2023-08-04T10:18:52","modified_gmt":"2023-08-04T09:18:52","slug":"schweissen-und-stanzen-von-muttern-und-bolzen","status":"publish","type":"page","link":"https:\/\/www.niropro.si\/de\/schweissen\/schweissen-und-stanzen-von-muttern-und-bolzen\/","title":{"rendered":"Schwei\u00dfen und Stanzen von Muttern und Bolzen"},"content":{"rendered":"<section class=\"wpb-content-wrapper\"><p>[vc_row][vc_column]        \r\n        <div class=\"title-banner\">\r\n          <div class=\"breadcrumbs-container\">\r\n            <div class=\"breadcrumbs\">\r\n              <p id=\"breadcrumbs\"><span><span><a href=\"https:\/\/www.niropro.si\/de\/\">Startseite<\/a><\/span><\/span><\/p>            <div class=\"clearfix\"><\/div>\r\n            <\/div>\r\n          <\/div>\r\n\r\n          <div class=\"title-banner-image-container\" style=\"background-image: url('https:\/\/www.niropro.si\/wp-content\/themes\/ns-template\/img\/page_title_back.jpg');\">\r\n                          <h1>Schwei\u00dfen und Stanzen von Muttern und Bolzen<\/h1>\r\n                      <\/div>\r\n               \r\n        <\/div>\r\n        \r\n        [\/vc_column][\/vc_row][vc_row][vc_column offset=&#8220;vc_col-lg-6 vc_col-md-6&#8243;][vc_column_text]Wir verwenden das <strong>Kondensatorschwei\u00dfen<\/strong> zum <strong>Schwei\u00dfen<\/strong> <strong>von Schrauben und Muttern<\/strong>.<\/p>\n<p>Diese Methode \u00fcberzeugt durch ihre Benutzerfreundlichkeit und die Qualit\u00e4t der Schwei\u00dfnaht. Weil die Anlage mit einer Wechselrichtertechnologie hergestellt ist, erreicht sie extrem kurze Kondensatorladezeiten und folglich schnelle Schwei\u00dfzyklen. Die robuste Konstruktion sorgt f\u00fcr hohe Zuverl\u00e4ssigkeit und hohe Leistung, wenn dies erforderlich ist. Alle Funktionen sind zug\u00e4nglich und konfigurierbar \u00fcber interaktive Frontplatten. Die Schwei\u00dfspannung ist digital auf der Vorderseite einstellbar.[\/vc_column_text][\/vc_column][vc_column offset=&#8220;vc_col-lg-6 vc_col-md-6&#8243;][vc_single_image image=&#8220;171&#8243;][\/vc_column][\/vc_row][vc_row][vc_column][vc_empty_space height=&#8220;80px&#8220;][\/vc_column][\/vc_row][vc_row full_width=&#8220;stretch_row&#8220; el_class=&#8220;gallery-row grey-row&#8220;][vc_column]\r\n\r\n                <div class=\"row galerija-row gal-1690270377727-8bd4ccf4-c630\" >\r\n          <div class=\"col-xl-3 col-lg-3 col-md-3 col-sm-6 col-12\"><a href=\"https:\/\/www.niropro.si\/wp-content\/uploads\/2023\/07\/mat_gal31.jpg\"><img decoding=\"async\" src=\"https:\/\/www.niropro.si\/slir\/w410-h260-c410x260\/wp-content\/uploads\/2023\/07\/mat_gal31.jpg\" \/><\/a><\/div><div class=\"col-xl-3 col-lg-3 col-md-3 col-sm-6 col-12\"><a href=\"https:\/\/www.niropro.si\/wp-content\/uploads\/2023\/07\/mat_gal11.jpg\"><img decoding=\"async\" src=\"https:\/\/www.niropro.si\/slir\/w410-h260-c410x260\/wp-content\/uploads\/2023\/07\/mat_gal11.jpg\" \/><\/a><\/div><div class=\"col-xl-3 col-lg-3 col-md-3 col-sm-6 col-12\"><a href=\"https:\/\/www.niropro.si\/wp-content\/uploads\/2023\/07\/mat_gal41.jpg\"><img decoding=\"async\" src=\"https:\/\/www.niropro.si\/slir\/w410-h260-c410x260\/wp-content\/uploads\/2023\/07\/mat_gal41.jpg\" \/><\/a><\/div><div class=\"col-xl-3 col-lg-3 col-md-3 col-sm-6 col-12\"><a href=\"https:\/\/www.niropro.si\/wp-content\/uploads\/2023\/07\/mat_gal51.jpg\"><img decoding=\"async\" src=\"https:\/\/www.niropro.si\/slir\/w410-h260-c410x260\/wp-content\/uploads\/2023\/07\/mat_gal51.jpg\" \/><\/a><\/div><div class=\"col-xl-3 col-lg-3 col-md-3 col-sm-6 col-12\"><a href=\"https:\/\/www.niropro.si\/wp-content\/uploads\/2023\/07\/mat_gal21.jpg\"><img decoding=\"async\" src=\"https:\/\/www.niropro.si\/slir\/w410-h260-c410x260\/wp-content\/uploads\/2023\/07\/mat_gal21.jpg\" \/><\/a><\/div><div class=\"col-xl-3 col-lg-3 col-md-3 col-sm-6 col-12\"><a href=\"https:\/\/www.niropro.si\/wp-content\/uploads\/2023\/07\/mat_gal61.jpg\"><img decoding=\"async\" src=\"https:\/\/www.niropro.si\/slir\/w410-h260-c410x260\/wp-content\/uploads\/2023\/07\/mat_gal61.jpg\" \/><\/a><\/div><div class=\"col-xl-3 col-lg-3 col-md-3 col-sm-6 col-12\"><a href=\"https:\/\/www.niropro.si\/wp-content\/uploads\/2023\/07\/mat_gal71.jpg\"><img decoding=\"async\" src=\"https:\/\/www.niropro.si\/slir\/w410-h260-c410x260\/wp-content\/uploads\/2023\/07\/mat_gal71.jpg\" \/><\/a><\/div>        <\/div>\r\n\r\n        <script>\r\n           jQuery( document ).ready(function($) {\r\n            $('.gal-1690270377727-8bd4ccf4-c630 a').simpleLightbox();\r\n           });\r\n        <\/script>\r\n\r\n            \r\n      [\/vc_column][\/vc_row][vc_row full_width=&#8220;stretch_row&#8220; el_class=&#8220;cta-row&#8220;][vc_column]        <div class=\"cta-block-container\">\r\n          <div class=\"row\">\r\n            <div class=\"col-xl-1\">\r\n            <\/div>\r\n            <div class=\"col-xl-7 col-md-8\">\r\n            <div class=\"txt-container\">\r\n            <strong>Haben Sie eine Frage oder Anregung?<\/strong> Nehmen Sie Kontakt mit uns auf.            <\/div>\r\n            <\/div>\r\n            <div class=\"col-xl-3 col-md-4\">\r\n            <a href=\"https:\/\/www.niropro.si\/de\/kontakt\/\" target=\"\" class=\"btn btn-lg btn-white\">\r\n             Kontaktiere uns            <\/a>\r\n            \r\n            <div class=\"col-xl-1\">\r\n            <\/div>\r\n          <\/div>\r\n          <\/div>\r\n        <\/div>\r\n\r\n      \r\n        \r\n        [\/vc_column][\/vc_row]<\/p>\n<\/section>","protected":false},"excerpt":{"rendered":"<p>[vc_row][vc_column][\/vc_column][\/vc_row][vc_row][vc_column offset=&#8220;vc_col-lg-6 vc_col-md-6&#8243;][vc_column_text]Wir verwenden das Kondensatorschwei\u00dfen zum Schwei\u00dfen von Schrauben und Muttern. Diese Methode \u00fcberzeugt durch ihre Benutzerfreundlichkeit und die Qualit\u00e4t der Schwei\u00dfnaht. Weil die Anlage mit einer Wechselrichtertechnologie hergestellt ist, erreicht sie extrem kurze Kondensatorladezeiten und folglich schnelle Schwei\u00dfzyklen. Die robuste Konstruktion sorgt f\u00fcr hohe Zuverl\u00e4ssigkeit und hohe Leistung, wenn dies erforderlich ist. Alle Funktionen sind zug\u00e4nglich und konfigurierbar \u00fcber interaktive Frontplatten. Die Schwei\u00dfspannung ist digital auf der Vorderseite einstellbar.[\/vc_column_text][\/vc_column][vc_column offset=&#8220;vc_col-lg-6 vc_col-md-6&#8243;][vc_single_image image=&#8220;171&#8243;][\/vc_column][\/vc_row][vc_row][vc_column][vc_empty_space height=&#8220;80px&#8220;][\/vc_column][\/vc_row][vc_row full_width=&#8220;stretch_row&#8220; el_class=&#8220;gallery-row grey-row&#8220;][vc_column][\/vc_column][\/vc_row][vc_row full_width=&#8220;stretch_row&#8220; el_class=&#8220;cta-row&#8220;][vc_column][\/vc_column][\/vc_row]<\/p>\n","protected":false},"author":1,"featured_media":346,"parent":508,"menu_order":0,"comment_status":"closed","ping_status":"closed","template":"","meta":{"footnotes":""},"class_list":["post-492","page","type-page","status-publish","has-post-thumbnail","hentry"],"yoast_head":"<!-- This site is optimized with the Yoast SEO plugin v20.11 - https:\/\/yoast.com\/wordpress\/plugins\/seo\/ -->\n<title>Schwei\u00dfen und Stanzen von Muttern und Bolzen - Niropro<\/title>\n<meta name=\"description\" content=\"Wir verwenden das Kondensatorschwei\u00dfen zum Schwei\u00dfen von Schrauben und Muttern. Diese Methode \u00fcberzeugt durch ihre Benutzerfreundlichkeit und die Qualit\u00e4t der Schwei\u00dfnaht. Weil die Anlage mit einer Wechselrichtertechnologie hergestellt ist, erreicht\" \/>\n<meta name=\"robots\" content=\"index, follow, max-snippet:-1, max-image-preview:large, max-video-preview:-1\" \/>\n<link rel=\"canonical\" href=\"https:\/\/www.niropro.si\/de\/schweissen\/schweissen-und-stanzen-von-muttern-und-bolzen\/\" \/>\n<meta property=\"og:locale\" content=\"de_DE\" \/>\n<meta property=\"og:type\" content=\"article\" \/>\n<meta property=\"og:title\" content=\"Schwei\u00dfen und Stanzen von Muttern und Bolzen - Niropro\" \/>\n<meta property=\"og:description\" content=\"[vc_row][vc_column][\/vc_column][\/vc_row][vc_row][vc_column offset=&#8220;vc_col-lg-6 vc_col-md-6&#8243;][vc_column_text]Wir verwenden das Kondensatorschwei\u00dfen zum Schwei\u00dfen von Schrauben und Muttern. Diese Methode \u00fcberzeugt durch ihre Benutzerfreundlichkeit und die Qualit\u00e4t der Schwei\u00dfnaht. Weil die Anlage mit einer Wechselrichtertechnologie hergestellt ist, erreicht sie extrem kurze Kondensatorladezeiten und folglich schnelle Schwei\u00dfzyklen. Die robuste Konstruktion sorgt f\u00fcr hohe Zuverl\u00e4ssigkeit und hohe Leistung, wenn dies erforderlich ist. Alle Funktionen sind zug\u00e4nglich und konfigurierbar \u00fcber interaktive Frontplatten. Die Schwei\u00dfspannung ist digital auf der Vorderseite einstellbar.[\/vc_column_text][\/vc_column][vc_column offset=&#8220;vc_col-lg-6 vc_col-md-6&#8243;][vc_single_image image=&#8220;171&#8243;][\/vc_column][\/vc_row][vc_row][vc_column][vc_empty_space height=&#8220;80px&#8220;][\/vc_column][\/vc_row][vc_row full_width=&#8220;stretch_row&#8220; el_class=&#8220;gallery-row grey-row&#8220;][vc_column][\/vc_column][\/vc_row][vc_row full_width=&#8220;stretch_row&#8220; el_class=&#8220;cta-row&#8220;][vc_column][\/vc_column][\/vc_row]\" \/>\n<meta property=\"og:url\" content=\"https:\/\/www.niropro.si\/de\/schweissen\/schweissen-und-stanzen-von-muttern-und-bolzen\/\" \/>\n<meta property=\"og:site_name\" content=\"Niropro\" \/>\n<meta property=\"article:modified_time\" content=\"2023-08-04T09:18:52+00:00\" \/>\n<meta property=\"og:image\" content=\"https:\/\/www.niropro.si\/wp-content\/uploads\/2023\/07\/slika-11.jpg\" \/>\n\t<meta property=\"og:image:width\" content=\"1140\" \/>\n\t<meta property=\"og:image:height\" content=\"400\" \/>\n\t<meta property=\"og:image:type\" content=\"image\/jpeg\" \/>\n<meta name=\"twitter:card\" content=\"summary_large_image\" \/>\n<meta name=\"twitter:label1\" content=\"Gesch\u00e4tzte Lesezeit\" \/>\n\t<meta name=\"twitter:data1\" content=\"1\u00a0Minute\" \/>\n<script type=\"application\/ld+json\" class=\"yoast-schema-graph\">{\"@context\":\"https:\/\/schema.org\",\"@graph\":[{\"@type\":\"WebPage\",\"@id\":\"https:\/\/www.niropro.si\/de\/schweissen\/schweissen-und-stanzen-von-muttern-und-bolzen\/\",\"url\":\"https:\/\/www.niropro.si\/de\/schweissen\/schweissen-und-stanzen-von-muttern-und-bolzen\/\",\"name\":\"Schwei\u00dfen und Stanzen von Muttern und Bolzen - Niropro\",\"isPartOf\":{\"@id\":\"https:\/\/www.niropro.si\/de\/#website\"},\"datePublished\":\"2023-07-13T10:51:26+00:00\",\"dateModified\":\"2023-08-04T09:18:52+00:00\",\"breadcrumb\":{\"@id\":\"https:\/\/www.niropro.si\/de\/schweissen\/schweissen-und-stanzen-von-muttern-und-bolzen\/#breadcrumb\"},\"inLanguage\":\"de\",\"potentialAction\":[{\"@type\":\"ReadAction\",\"target\":[\"https:\/\/www.niropro.si\/de\/schweissen\/schweissen-und-stanzen-von-muttern-und-bolzen\/\"]}]},{\"@type\":\"BreadcrumbList\",\"@id\":\"https:\/\/www.niropro.si\/de\/schweissen\/schweissen-und-stanzen-von-muttern-und-bolzen\/#breadcrumb\",\"itemListElement\":[{\"@type\":\"ListItem\",\"position\":1,\"name\":\"Startseite\",\"item\":\"https:\/\/www.niropro.si\/de\/\"},{\"@type\":\"ListItem\",\"position\":2,\"name\":\"Schwei\u00dfen\",\"item\":\"https:\/\/www.niropro.si\/de\/schweissen\/\"},{\"@type\":\"ListItem\",\"position\":3,\"name\":\"Schwei\u00dfen und Stanzen von Muttern und Bolzen\"}]},{\"@type\":\"WebSite\",\"@id\":\"https:\/\/www.niropro.si\/de\/#website\",\"url\":\"https:\/\/www.niropro.si\/de\/\",\"name\":\"Niropro\",\"description\":\"\",\"potentialAction\":[{\"@type\":\"SearchAction\",\"target\":{\"@type\":\"EntryPoint\",\"urlTemplate\":\"https:\/\/www.niropro.si\/de\/?s={search_term_string}\"},\"query-input\":\"required name=search_term_string\"}],\"inLanguage\":\"de\"}]}<\/script>\n<!-- \/ Yoast SEO plugin. -->","yoast_head_json":{"title":"Schwei\u00dfen und Stanzen von Muttern und Bolzen - Niropro","description":"Wir verwenden das Kondensatorschwei\u00dfen zum Schwei\u00dfen von Schrauben und Muttern. Diese Methode \u00fcberzeugt durch ihre Benutzerfreundlichkeit und die Qualit\u00e4t der Schwei\u00dfnaht. Weil die Anlage mit einer Wechselrichtertechnologie hergestellt ist, erreicht","robots":{"index":"index","follow":"follow","max-snippet":"max-snippet:-1","max-image-preview":"max-image-preview:large","max-video-preview":"max-video-preview:-1"},"canonical":"https:\/\/www.niropro.si\/de\/schweissen\/schweissen-und-stanzen-von-muttern-und-bolzen\/","og_locale":"de_DE","og_type":"article","og_title":"Schwei\u00dfen und Stanzen von Muttern und Bolzen - Niropro","og_description":"[vc_row][vc_column][\/vc_column][\/vc_row][vc_row][vc_column offset=&#8220;vc_col-lg-6 vc_col-md-6&#8243;][vc_column_text]Wir verwenden das Kondensatorschwei\u00dfen zum Schwei\u00dfen von Schrauben und Muttern. Diese Methode \u00fcberzeugt durch ihre Benutzerfreundlichkeit und die Qualit\u00e4t der Schwei\u00dfnaht. Weil die Anlage mit einer Wechselrichtertechnologie hergestellt ist, erreicht sie extrem kurze Kondensatorladezeiten und folglich schnelle Schwei\u00dfzyklen. Die robuste Konstruktion sorgt f\u00fcr hohe Zuverl\u00e4ssigkeit und hohe Leistung, wenn dies erforderlich ist. Alle Funktionen sind zug\u00e4nglich und konfigurierbar \u00fcber interaktive Frontplatten. Die Schwei\u00dfspannung ist digital auf der Vorderseite einstellbar.[\/vc_column_text][\/vc_column][vc_column offset=&#8220;vc_col-lg-6 vc_col-md-6&#8243;][vc_single_image image=&#8220;171&#8243;][\/vc_column][\/vc_row][vc_row][vc_column][vc_empty_space height=&#8220;80px&#8220;][\/vc_column][\/vc_row][vc_row full_width=&#8220;stretch_row&#8220; el_class=&#8220;gallery-row grey-row&#8220;][vc_column][\/vc_column][\/vc_row][vc_row full_width=&#8220;stretch_row&#8220; el_class=&#8220;cta-row&#8220;][vc_column][\/vc_column][\/vc_row]","og_url":"https:\/\/www.niropro.si\/de\/schweissen\/schweissen-und-stanzen-von-muttern-und-bolzen\/","og_site_name":"Niropro","article_modified_time":"2023-08-04T09:18:52+00:00","og_image":[{"width":1140,"height":400,"url":"https:\/\/www.niropro.si\/wp-content\/uploads\/2023\/07\/slika-11.jpg","type":"image\/jpeg"}],"twitter_card":"summary_large_image","twitter_misc":{"Gesch\u00e4tzte Lesezeit":"1\u00a0Minute"},"schema":{"@context":"https:\/\/schema.org","@graph":[{"@type":"WebPage","@id":"https:\/\/www.niropro.si\/de\/schweissen\/schweissen-und-stanzen-von-muttern-und-bolzen\/","url":"https:\/\/www.niropro.si\/de\/schweissen\/schweissen-und-stanzen-von-muttern-und-bolzen\/","name":"Schwei\u00dfen und Stanzen von Muttern und Bolzen - Niropro","isPartOf":{"@id":"https:\/\/www.niropro.si\/de\/#website"},"datePublished":"2023-07-13T10:51:26+00:00","dateModified":"2023-08-04T09:18:52+00:00","breadcrumb":{"@id":"https:\/\/www.niropro.si\/de\/schweissen\/schweissen-und-stanzen-von-muttern-und-bolzen\/#breadcrumb"},"inLanguage":"de","potentialAction":[{"@type":"ReadAction","target":["https:\/\/www.niropro.si\/de\/schweissen\/schweissen-und-stanzen-von-muttern-und-bolzen\/"]}]},{"@type":"BreadcrumbList","@id":"https:\/\/www.niropro.si\/de\/schweissen\/schweissen-und-stanzen-von-muttern-und-bolzen\/#breadcrumb","itemListElement":[{"@type":"ListItem","position":1,"name":"Startseite","item":"https:\/\/www.niropro.si\/de\/"},{"@type":"ListItem","position":2,"name":"Schwei\u00dfen","item":"https:\/\/www.niropro.si\/de\/schweissen\/"},{"@type":"ListItem","position":3,"name":"Schwei\u00dfen und Stanzen von Muttern und Bolzen"}]},{"@type":"WebSite","@id":"https:\/\/www.niropro.si\/de\/#website","url":"https:\/\/www.niropro.si\/de\/","name":"Niropro","description":"","potentialAction":[{"@type":"SearchAction","target":{"@type":"EntryPoint","urlTemplate":"https:\/\/www.niropro.si\/de\/?s={search_term_string}"},"query-input":"required name=search_term_string"}],"inLanguage":"de"}]}},"_links":{"self":[{"href":"https:\/\/www.niropro.si\/de\/wp-json\/wp\/v2\/pages\/492","targetHints":{"allow":["GET"]}}],"collection":[{"href":"https:\/\/www.niropro.si\/de\/wp-json\/wp\/v2\/pages"}],"about":[{"href":"https:\/\/www.niropro.si\/de\/wp-json\/wp\/v2\/types\/page"}],"author":[{"embeddable":true,"href":"https:\/\/www.niropro.si\/de\/wp-json\/wp\/v2\/users\/1"}],"replies":[{"embeddable":true,"href":"https:\/\/www.niropro.si\/de\/wp-json\/wp\/v2\/comments?post=492"}],"version-history":[{"count":0,"href":"https:\/\/www.niropro.si\/de\/wp-json\/wp\/v2\/pages\/492\/revisions"}],"up":[{"embeddable":true,"href":"https:\/\/www.niropro.si\/de\/wp-json\/wp\/v2\/pages\/508"}],"wp:featuredmedia":[{"embeddable":true,"href":"https:\/\/www.niropro.si\/de\/wp-json\/wp\/v2\/media\/346"}],"wp:attachment":[{"href":"https:\/\/www.niropro.si\/de\/wp-json\/wp\/v2\/media?parent=492"}],"curies":[{"name":"wp","href":"https:\/\/api.w.org\/{rel}","templated":true}]}}