{"id":1079,"date":"2023-08-09T07:39:53","date_gmt":"2023-08-09T06:39:53","guid":{"rendered":"https:\/\/www.niropro.si\/piskotki\/"},"modified":"2023-08-09T07:56:16","modified_gmt":"2023-08-09T06:56:16","slug":"cookies","status":"publish","type":"page","link":"https:\/\/www.niropro.si\/de\/cookies\/","title":{"rendered":"Cookies"},"content":{"rendered":"<section class=\"wpb-content-wrapper\"><p>[vc_row][vc_column]        \r\n        <div class=\"title-banner\">\r\n          <div class=\"breadcrumbs-container\">\r\n            <div class=\"breadcrumbs\">\r\n              <p id=\"breadcrumbs\"><span><span><a href=\"https:\/\/www.niropro.si\/de\/\">Startseite<\/a><\/span><\/span><\/p>            <div class=\"clearfix\"><\/div>\r\n            <\/div>\r\n          <\/div>\r\n\r\n          <div class=\"title-banner-image-container\" style=\"background-image: url('https:\/\/www.niropro.si\/wp-content\/themes\/ns-template\/img\/page_title_back.jpg');\">\r\n                          <h1>Cookies<\/h1>\r\n                      <\/div>\r\n               \r\n        <\/div>\r\n        \r\n        [\/vc_column][\/vc_row][vc_row][vc_column][vc_column_text]<\/p>\n<h3>Rechtliche Grundlage<\/h3>\n<p>Grundlage f\u00fcr den Cookie-Hinweis ist das ge\u00e4nderte Gesetz \u00fcber elektronische Kommunikation (Amtsblatt Nr. 109\/2012; kurz ZEKom-1), das Anfang 2013 in Kraft getreten ist und neue Regeln zur Verwendung von Cookies und \u00e4hnlichen Technologien zur Speicherung von Informationen eingef\u00fchrt hat oder Zugriff auf Informationen, die auf dem Computer oder Mobilger\u00e4t des Benutzers gespeichert sind.<\/p>\n<h3>Was sind Cookies und warum braucht eine Website sie?<\/h3>\n<p>Ein Cookie ist eine kleine Textdatei, die beim Besuch der Website auf den Computer eines Benutzers heruntergeladen wird und normalerweise Folgendes enth\u00e4lt:<\/p>\n<p>der Name des Servers, von dem das Cookie gesendet wurde;<br \/>\ndie Lebensdauer des Cookies;<br \/>\nWert \u2013 normalerweise eine zuf\u00e4llig generierte eindeutige Nummer.<\/p>\n<p>Das Cookie selbst enth\u00e4lt oder sammelt keine Informationen. Wenn es jedoch zusammen mit einem Webbrowser vom Server gelesen wird, kann es der Website helfen, benutzerfreundlichere Dienste auszuf\u00fchren \u2013 zum Beispiel durch das Abrufen fr\u00fcherer Eink\u00e4ufe oder Benutzerkontoinformationen. Nur der Server, der das Cookie gesendet hat, kann dieses Cookie lesen und verwenden.<\/p>\n<p>Auf einer vertrauensw\u00fcrdigen Website k\u00f6nnen Cookies das Erlebnis bereichern. Cookies k\u00f6nnen jedoch auch auf eine Weise verwendet werden, die die Privatsph\u00e4re einer Person verletzt. Cookies k\u00f6nnen unterschiedlich lange gespeichert werden, nur f\u00fcr die Dauer der Browsersitzung oder viel l\u00e4nger.<\/p>\n<h3>Welche Cookies wir auf der Website verwenden und warum<\/h3>\n<p>Wir verwenden auf der Website ausschlie\u00dflich Cookies, die nach dem ZEKom-1-Gesetz zul\u00e4ssig sind. Es werden nur Cookies verwendet, die f\u00fcr den Betrieb dieser Website unbedingt erforderlich sind. Zur Aufzeichnung von Website-Verkehrsstatistiken verwenden wir ein System, das nur ein Sitzungscookie aufzeichnet und Ihr weiteres Verhalten auf der Website oder nicht verfolgt. in Verbindung mit anderen Parteien. Durch die weitere Nutzung dieser Website stimmen Sie der nachfolgend beschriebenen Verwendung von Cookies zu.<\/p>\n<h3>Welche Cookies k\u00f6nnen von dieser Website verwendet werden<\/h3>\n<table class=\"Table\" border=\"0\" width=\"100%\" cellspacing=\"0\" cellpadding=\"0\">\n<tbody>\n<tr>\n<td align=\"left\" valign=\"top\">Cookie Name<\/td>\n<td align=\"left\" valign=\"top\">Zweck<\/td>\n<td align=\"left\" valign=\"top\">Dauer<\/td>\n<\/tr>\n<tr>\n<td align=\"left\" valign=\"top\">PHPSESSID<\/td>\n<td align=\"left\" valign=\"top\">Seitenbetrieb herstellen.<\/td>\n<td align=\"left\" valign=\"top\">Sitzung<\/td>\n<\/tr>\n<tr>\n<td align=\"left\" valign=\"top\">_ga<\/td>\n<td align=\"left\" valign=\"top\">Unterscheidung zwischen Benutzern (Sitzungen).<\/td>\n<td align=\"left\" valign=\"top\">2 Jahre<\/td>\n<\/tr>\n<tr>\n<td align=\"left\" valign=\"top\">_gat<\/td>\n<td align=\"left\" valign=\"top\">Neuen Benutzer (Session) aufzeichnen.<\/td>\n<td align=\"left\" valign=\"top\">10 minuten<\/td>\n<\/tr>\n<\/tbody>\n<\/table>\n<p>[\/vc_column_text][\/vc_column][\/vc_row]<\/p>\n<\/section>","protected":false},"excerpt":{"rendered":"<p>[vc_row][vc_column][\/vc_column][\/vc_row][vc_row][vc_column][vc_column_text] Rechtliche Grundlage Grundlage f\u00fcr den Cookie-Hinweis ist das ge\u00e4nderte Gesetz \u00fcber elektronische Kommunikation (Amtsblatt Nr. 109\/2012; kurz ZEKom-1), das Anfang 2013 in Kraft getreten ist und neue Regeln zur Verwendung von Cookies und \u00e4hnlichen Technologien zur Speicherung von Informationen eingef\u00fchrt hat oder Zugriff auf Informationen, die auf dem Computer oder Mobilger\u00e4t des Benutzers gespeichert sind. Was sind Cookies und warum braucht eine Website sie? Ein Cookie ist eine kleine Textdatei, die beim Besuch der Website auf den Computer eines Benutzers heruntergeladen wird und normalerweise Folgendes enth\u00e4lt: der Name des Servers, von dem das Cookie gesendet wurde; die Lebensdauer des Cookies; Wert \u2013 normalerweise eine zuf\u00e4llig generierte eindeutige Nummer. Das Cookie selbst enth\u00e4lt oder sammelt keine Informationen. Wenn es jedoch [&hellip;]<\/p>\n","protected":false},"author":1,"featured_media":0,"parent":0,"menu_order":0,"comment_status":"closed","ping_status":"closed","template":"","meta":{"footnotes":""},"class_list":["post-1079","page","type-page","status-publish","hentry"],"yoast_head":"<!-- This site is optimized with the Yoast SEO plugin v20.11 - https:\/\/yoast.com\/wordpress\/plugins\/seo\/ -->\n<title>Cookies - Niropro<\/title>\n<meta name=\"description\" content=\"Rechtliche Grundlage Grundlage f\u00fcr den Cookie-Hinweis ist das ge\u00e4nderte Gesetz \u00fcber elektronische Kommunikation (Amtsblatt Nr. 109\/2012; kurz ZEKom-1), das Anfang 2013 in Kraft getreten ist und neue Regeln zur Verwendung\" \/>\n<meta name=\"robots\" content=\"index, follow, max-snippet:-1, max-image-preview:large, max-video-preview:-1\" \/>\n<link rel=\"canonical\" href=\"https:\/\/www.niropro.si\/de\/cookies\/\" \/>\n<meta property=\"og:locale\" content=\"de_DE\" \/>\n<meta property=\"og:type\" content=\"article\" \/>\n<meta property=\"og:title\" content=\"Cookies - Niropro\" \/>\n<meta property=\"og:description\" content=\"[vc_row][vc_column][\/vc_column][\/vc_row][vc_row][vc_column][vc_column_text] Rechtliche Grundlage Grundlage f\u00fcr den Cookie-Hinweis ist das ge\u00e4nderte Gesetz \u00fcber elektronische Kommunikation (Amtsblatt Nr. 109\/2012; kurz ZEKom-1), das Anfang 2013 in Kraft getreten ist und neue Regeln zur Verwendung von Cookies und \u00e4hnlichen Technologien zur Speicherung von Informationen eingef\u00fchrt hat oder Zugriff auf Informationen, die auf dem Computer oder Mobilger\u00e4t des Benutzers gespeichert sind. Was sind Cookies und warum braucht eine Website sie? Ein Cookie ist eine kleine Textdatei, die beim Besuch der Website auf den Computer eines Benutzers heruntergeladen wird und normalerweise Folgendes enth\u00e4lt: der Name des Servers, von dem das Cookie gesendet wurde; die Lebensdauer des Cookies; Wert \u2013 normalerweise eine zuf\u00e4llig generierte eindeutige Nummer. Das Cookie selbst enth\u00e4lt oder sammelt keine Informationen. Wenn es jedoch [&hellip;]\" \/>\n<meta property=\"og:url\" content=\"https:\/\/www.niropro.si\/de\/cookies\/\" \/>\n<meta property=\"og:site_name\" content=\"Niropro\" \/>\n<meta property=\"article:modified_time\" content=\"2023-08-09T06:56:16+00:00\" \/>\n<meta name=\"twitter:card\" content=\"summary_large_image\" \/>\n<meta name=\"twitter:label1\" content=\"Gesch\u00e4tzte Lesezeit\" \/>\n\t<meta name=\"twitter:data1\" content=\"2\u00a0Minuten\" \/>\n<script type=\"application\/ld+json\" class=\"yoast-schema-graph\">{\"@context\":\"https:\/\/schema.org\",\"@graph\":[{\"@type\":\"WebPage\",\"@id\":\"https:\/\/www.niropro.si\/de\/cookies\/\",\"url\":\"https:\/\/www.niropro.si\/de\/cookies\/\",\"name\":\"Cookies - Niropro\",\"isPartOf\":{\"@id\":\"https:\/\/www.niropro.si\/de\/#website\"},\"datePublished\":\"2023-08-09T06:39:53+00:00\",\"dateModified\":\"2023-08-09T06:56:16+00:00\",\"breadcrumb\":{\"@id\":\"https:\/\/www.niropro.si\/de\/cookies\/#breadcrumb\"},\"inLanguage\":\"de\",\"potentialAction\":[{\"@type\":\"ReadAction\",\"target\":[\"https:\/\/www.niropro.si\/de\/cookies\/\"]}]},{\"@type\":\"BreadcrumbList\",\"@id\":\"https:\/\/www.niropro.si\/de\/cookies\/#breadcrumb\",\"itemListElement\":[{\"@type\":\"ListItem\",\"position\":1,\"name\":\"Startseite\",\"item\":\"https:\/\/www.niropro.si\/de\/\"},{\"@type\":\"ListItem\",\"position\":2,\"name\":\"Cookies\"}]},{\"@type\":\"WebSite\",\"@id\":\"https:\/\/www.niropro.si\/de\/#website\",\"url\":\"https:\/\/www.niropro.si\/de\/\",\"name\":\"Niropro\",\"description\":\"\",\"potentialAction\":[{\"@type\":\"SearchAction\",\"target\":{\"@type\":\"EntryPoint\",\"urlTemplate\":\"https:\/\/www.niropro.si\/de\/?s={search_term_string}\"},\"query-input\":\"required name=search_term_string\"}],\"inLanguage\":\"de\"}]}<\/script>\n<!-- \/ Yoast SEO plugin. -->","yoast_head_json":{"title":"Cookies - Niropro","description":"Rechtliche Grundlage Grundlage f\u00fcr den Cookie-Hinweis ist das ge\u00e4nderte Gesetz \u00fcber elektronische Kommunikation (Amtsblatt Nr. 109\/2012; kurz ZEKom-1), das Anfang 2013 in Kraft getreten ist und neue Regeln zur Verwendung","robots":{"index":"index","follow":"follow","max-snippet":"max-snippet:-1","max-image-preview":"max-image-preview:large","max-video-preview":"max-video-preview:-1"},"canonical":"https:\/\/www.niropro.si\/de\/cookies\/","og_locale":"de_DE","og_type":"article","og_title":"Cookies - Niropro","og_description":"[vc_row][vc_column][\/vc_column][\/vc_row][vc_row][vc_column][vc_column_text] Rechtliche Grundlage Grundlage f\u00fcr den Cookie-Hinweis ist das ge\u00e4nderte Gesetz \u00fcber elektronische Kommunikation (Amtsblatt Nr. 109\/2012; kurz ZEKom-1), das Anfang 2013 in Kraft getreten ist und neue Regeln zur Verwendung von Cookies und \u00e4hnlichen Technologien zur Speicherung von Informationen eingef\u00fchrt hat oder Zugriff auf Informationen, die auf dem Computer oder Mobilger\u00e4t des Benutzers gespeichert sind. Was sind Cookies und warum braucht eine Website sie? Ein Cookie ist eine kleine Textdatei, die beim Besuch der Website auf den Computer eines Benutzers heruntergeladen wird und normalerweise Folgendes enth\u00e4lt: der Name des Servers, von dem das Cookie gesendet wurde; die Lebensdauer des Cookies; Wert \u2013 normalerweise eine zuf\u00e4llig generierte eindeutige Nummer. Das Cookie selbst enth\u00e4lt oder sammelt keine Informationen. Wenn es jedoch [&hellip;]","og_url":"https:\/\/www.niropro.si\/de\/cookies\/","og_site_name":"Niropro","article_modified_time":"2023-08-09T06:56:16+00:00","twitter_card":"summary_large_image","twitter_misc":{"Gesch\u00e4tzte Lesezeit":"2\u00a0Minuten"},"schema":{"@context":"https:\/\/schema.org","@graph":[{"@type":"WebPage","@id":"https:\/\/www.niropro.si\/de\/cookies\/","url":"https:\/\/www.niropro.si\/de\/cookies\/","name":"Cookies - Niropro","isPartOf":{"@id":"https:\/\/www.niropro.si\/de\/#website"},"datePublished":"2023-08-09T06:39:53+00:00","dateModified":"2023-08-09T06:56:16+00:00","breadcrumb":{"@id":"https:\/\/www.niropro.si\/de\/cookies\/#breadcrumb"},"inLanguage":"de","potentialAction":[{"@type":"ReadAction","target":["https:\/\/www.niropro.si\/de\/cookies\/"]}]},{"@type":"BreadcrumbList","@id":"https:\/\/www.niropro.si\/de\/cookies\/#breadcrumb","itemListElement":[{"@type":"ListItem","position":1,"name":"Startseite","item":"https:\/\/www.niropro.si\/de\/"},{"@type":"ListItem","position":2,"name":"Cookies"}]},{"@type":"WebSite","@id":"https:\/\/www.niropro.si\/de\/#website","url":"https:\/\/www.niropro.si\/de\/","name":"Niropro","description":"","potentialAction":[{"@type":"SearchAction","target":{"@type":"EntryPoint","urlTemplate":"https:\/\/www.niropro.si\/de\/?s={search_term_string}"},"query-input":"required name=search_term_string"}],"inLanguage":"de"}]}},"_links":{"self":[{"href":"https:\/\/www.niropro.si\/de\/wp-json\/wp\/v2\/pages\/1079","targetHints":{"allow":["GET"]}}],"collection":[{"href":"https:\/\/www.niropro.si\/de\/wp-json\/wp\/v2\/pages"}],"about":[{"href":"https:\/\/www.niropro.si\/de\/wp-json\/wp\/v2\/types\/page"}],"author":[{"embeddable":true,"href":"https:\/\/www.niropro.si\/de\/wp-json\/wp\/v2\/users\/1"}],"replies":[{"embeddable":true,"href":"https:\/\/www.niropro.si\/de\/wp-json\/wp\/v2\/comments?post=1079"}],"version-history":[{"count":0,"href":"https:\/\/www.niropro.si\/de\/wp-json\/wp\/v2\/pages\/1079\/revisions"}],"wp:attachment":[{"href":"https:\/\/www.niropro.si\/de\/wp-json\/wp\/v2\/media?parent=1079"}],"curies":[{"name":"wp","href":"https:\/\/api.w.org\/{rel}","templated":true}]}}